{"id":13441,"date":"2023-07-18T20:41:17","date_gmt":"2023-07-18T20:41:17","guid":{"rendered":"https:\/\/business.reobiztheme.com\/?page_id=13441"},"modified":"2025-12-16T15:59:37","modified_gmt":"2025-12-16T15:59:37","slug":"about","status":"publish","type":"page","link":"https:\/\/roelatam.com\/es\/about\/","title":{"rendered":"Sobre Nosotros"},"content":{"rendered":"<div data-elementor-type=\"wp-page\" data-elementor-id=\"13441\" class=\"elementor elementor-13441\" data-elementor-post-type=\"page\">\n\t\t\t\t\t\t<section class=\"elementor-section elementor-top-section elementor-element elementor-element-12f947c elementor-section-full_width elementor-section-stretched elementor-section-height-default elementor-section-height-default\" data-id=\"12f947c\" data-element_type=\"section\" data-e-type=\"section\" data-settings=\"{&quot;stretch_section&quot;:&quot;section-stretched&quot;}\">\n\t\t\t\t\t\t<div class=\"elementor-container elementor-column-gap-default\">\n\t\t\t\t\t<div class=\"elementor-column elementor-col-100 elementor-top-column elementor-element elementor-element-2a1daec\" data-id=\"2a1daec\" data-element_type=\"column\" data-e-type=\"column\">\n\t\t\t<div class=\"elementor-widget-wrap elementor-element-populated\">\n\t\t\t\t\t\t<section class=\"elementor-section elementor-inner-section elementor-element elementor-element-87b3c77 elementor-section-content-middle elementor-section-boxed elementor-section-height-default elementor-section-height-default\" data-id=\"87b3c77\" data-element_type=\"section\" data-e-type=\"section\">\n\t\t\t\t\t\t<div class=\"elementor-container elementor-column-gap-default\">\n\t\t\t\t\t<div class=\"elementor-column elementor-col-100 elementor-inner-column elementor-element elementor-element-97d39a6\" data-id=\"97d39a6\" data-element_type=\"column\" data-e-type=\"column\">\n\t\t\t<div class=\"elementor-widget-wrap elementor-element-populated\">\n\t\t\t\t\t\t<div class=\"elementor-element elementor-element-d552a35 elementor-widget elementor-widget-rs-heading\" data-id=\"d552a35\" data-element_type=\"widget\" data-e-type=\"widget\" data-widget_type=\"rs-heading.default\">\n\t\t\t\t<div class=\"elementor-widget-container\">\n\t\t\t\t\t        <div class=\"rs-heading default\">\r\n        \t<div class=\"title-inner\">\r\n        \t\t      \t\t\r\n\t            <span class=\"sub-text\">Sobre Nosotros<\/span><h2 class=\"title\"><span class=\"watermark\"><\/span>Bienvenido a ROE LATAM,<\/h2>\t        <\/div>\r\n\t                    \t<div class=\"description\">\r\n            \t\t<p data-path-to-node=\"3\"><span data-path-to-node=\"3,1\"><span class=\"citation-261\">Con m\u00e1s de 19 a\u00f1os de experiencia global, <\/span><\/span><span data-path-to-node=\"3,4\"><span class=\"citation-260\">, ROE Latam se especializa en servicios de consultor\u00eda avanzados enfocados en <\/span><b><span class=\"citation-260\">Sistemas de Gesti\u00f3n Antisoborno, Cumplimiento FCPA, y Gobierno \u00c9tico Corporativo.<\/span><\/b><\/span><span data-path-to-node=\"3,6\">. <\/span><span data-path-to-node=\"3,8\"><span class=\"citation-259\">Somos reconocidos por nuestra profunda experiencia en la implementaci\u00f3n de s\u00f3lidos marcos de anticorrupci\u00f3n y cumplimiento en jurisdicciones de alto riesgo en todo el mundo.<\/span><\/span><span data-path-to-node=\"3,10\">.<\/span><\/p><p data-path-to-node=\"4\">Nuestra especializaci\u00f3n central incluye la implementaci\u00f3n y certificaci\u00f3n de est\u00e1ndares internacionales clave:<\/p><ul data-path-to-node=\"5\"><li><p data-path-to-node=\"5,0,1\"><span data-path-to-node=\"5,0,1,0\"><b><span class=\"citation-258\">ISO 37001: Sistemas de Gesti\u00f3n Antisoborno<\/span><\/b><\/span><span data-path-to-node=\"5,0,1,2\">. <\/span><span data-path-to-node=\"5,0,1,4\"><span class=\"citation-257\">Lideramos la implementaci\u00f3n y certificaci\u00f3n para organizaciones p\u00fablicas y privadas<\/span><\/span><span data-path-to-node=\"5,0,1,6\">.<\/span><\/p><\/li><li><p data-path-to-node=\"5,1,1\"><span data-path-to-node=\"5,1,1,0\"><b><span class=\"citation-256\">Alineaci\u00f3n con la FCPA (U.S. Foreign Corrupt Practices Act)<\/span><\/b><\/span><span data-path-to-node=\"5,1,1,2\">. <\/span><span data-path-to-node=\"5,1,1,4\"><span class=\"citation-255\">Dise\u00f1amos marcos de cumplimiento integrales y llevamos a cabo una debida diligencia rigurosa para mitigar los riesgos de aplicaci\u00f3n de la ley (o riesgos de cumplimiento legal).<\/span><\/span><span data-path-to-node=\"5,1,1,6\">.<\/span><\/p><\/li><li><p data-path-to-node=\"5,2,1\"><span data-path-to-node=\"5,2,1,0\"><b><span class=\"citation-254\">Gobernanza y Reforma Institucional<\/span><\/b><span class=\"citation-254\"> Asesoramos en estrategias de gobernanza, <\/span><\/span><span data-path-to-node=\"5,2,1,3\"><span class=\"citation-253\">integridad en la contrataci\u00f3n p\u00fablica <\/span><\/span><span data-path-to-node=\"5,2,1,6\"><span class=\"citation-252\">, divulgaci\u00f3n de conflictos de inter\u00e9s, y dise\u00f1o de pol\u00edticas para la reforma institucional<\/span><\/span><span data-path-to-node=\"5,2,1,8\">.<\/span><\/p><\/li><li><p data-path-to-node=\"5,3,1\"><span data-path-to-node=\"5,3,1,0\"><b><span class=\"citation-251\">Gesti\u00f3n de Cumplimiento (Alineaci\u00f3n con ISO 37301\/OCDE)<\/span><\/b><span class=\"citation-251\"> Nuestro enfoque garantiza una alineaci\u00f3n legal integral y revisiones del sistema de gesti\u00f3n<\/span><\/span><span data-path-to-node=\"5,3,1,2\">.<\/span><\/p><\/li><\/ul>            \t\t\r\n            \t<\/div>\r\n        \t        <\/div>\r\n\r\n        \t\t\t\t<\/div>\n\t\t\t\t<\/div>\n\t\t\t\t\t<\/div>\n\t\t<\/div>\n\t\t\t\t\t<\/div>\n\t\t<\/section>\n\t\t\t\t\t<\/div>\n\t\t<\/div>\n\t\t\t\t\t<\/div>\n\t\t<\/section>\n\t\t<div class=\"elementor-element elementor-element-7ccfd08 e-flex e-con-boxed e-con e-parent\" data-id=\"7ccfd08\" data-element_type=\"container\" data-e-type=\"container\">\n\t\t\t\t\t<div class=\"e-con-inner\">\n\t\t<div class=\"elementor-element elementor-element-8902f28 e-con-full e-flex e-con e-child\" data-id=\"8902f28\" data-element_type=\"container\" data-e-type=\"container\">\n\t\t\t\t<div class=\"elementor-element elementor-element-22c115c elementor-widget elementor-widget-image\" data-id=\"22c115c\" data-element_type=\"widget\" data-e-type=\"widget\" data-widget_type=\"image.default\">\n\t\t\t\t<div class=\"elementor-widget-container\">\n\t\t\t\t\t\t\t\t\t\t\t\t\t\t\t<img decoding=\"async\" width=\"171\" height=\"248\" src=\"https:\/\/roelatam.com\/wp-content\/uploads\/2024\/10\/roecara.jpg\" class=\"attachment-large size-large wp-image-14736\" alt=\"\" title=\"\">\t\t\t\t\t\t\t\t\t\t\t\t\t\t\t<\/div>\n\t\t\t\t<\/div>\n\t\t\t\t<div class=\"elementor-element elementor-element-e37f59f elementor-widget elementor-widget-heading\" data-id=\"e37f59f\" data-element_type=\"widget\" data-e-type=\"widget\" data-widget_type=\"heading.default\">\n\t\t\t\t<div class=\"elementor-widget-container\">\n\t\t\t\t\t<h2 class=\"elementor-heading-title elementor-size-default\">Rodrigo Obregon<\/h2>\t\t\t\t<\/div>\n\t\t\t\t<\/div>\n\t\t\t\t<div class=\"elementor-element elementor-element-6629a01 elementor-widget elementor-widget-heading\" data-id=\"6629a01\" data-element_type=\"widget\" data-e-type=\"widget\" data-widget_type=\"heading.default\">\n\t\t\t\t<div class=\"elementor-widget-container\">\n\t\t\t\t\t<h4 class=\"elementor-heading-title elementor-size-default\">Director General de ROE Latam<\/h4>\t\t\t\t<\/div>\n\t\t\t\t<\/div>\n\t\t\t\t<\/div>\n\t\t<div class=\"elementor-element elementor-element-050b9de e-con-full e-flex e-con e-child\" data-id=\"050b9de\" data-element_type=\"container\" data-e-type=\"container\">\n\t\t\t\t<div class=\"elementor-element elementor-element-acf497d elementor-widget elementor-widget-text-editor\" data-id=\"acf497d\" data-element_type=\"widget\" data-e-type=\"widget\" data-widget_type=\"text-editor.default\">\n\t\t\t\t<div class=\"elementor-widget-container\">\n\t\t\t\t\t\t\t\t\t<p data-path-to-node=\"3\"><span data-path-to-node=\"3,1\"><span class=\"citation-194\">Rodrigo Obreg\u00f3n es un <\/span><b><span class=\"citation-194\">consultor legal y de cumplimiento internacional<\/span><\/b><span class=\"citation-194\"> con m\u00e1s de <\/span><b><span class=\"citation-194\">19 a\u00f1os de experiencia<\/span><\/b><span class=\"citation-194\"> as an independent consultant, supporting multinational corporations, investors, and public organizations around the globe<\/span><\/span><span data-path-to-node=\"3,3\">.<\/span><\/p><p data-path-to-node=\"4\"><span data-path-to-node=\"4,1\"><span class=\"citation-193\">Su extensiva trayectoria se enfoca en <\/span><b><span class=\"citation-193\">implementar sistemas de gesti\u00f3n antisoborno (ISO 37001)<\/span><\/b><span class=\"citation-193\">, asegurando <\/span><b><span class=\"citation-193\">cumplimiento con la FCPA<\/span><\/b><span class=\"citation-193\"> (Ley Norteamericana  de Pr\u00e1cticas Corruptas en el Extranjero), ejecutando reformas institucionales en jurisdicciones de alto riesgo<\/span><\/span><span data-path-to-node=\"4,3\">. <\/span><span data-path-to-node=\"4,5\"><span class=\"citation-192\">Rodrigo tiene una trayectoria provada <\/span><b><span class=\"citation-192\">de creaci\u00f3n de capacidades<\/span><\/b><span class=\"citation-192\"> a trav\u00e9s de entrenamientos t\u00e9cnicos, refuerzo y dise\u00f1o de pol\u00edticas, y an\u00e1lisis jur\u00eddico internacional.<\/span><\/span><span data-path-to-node=\"4,7\">.<\/span><\/p><h3 data-path-to-node=\"5\"><b>Principales \u00c1reas de Experiencia<\/b><\/h3><ul data-path-to-node=\"6\"><li><p data-path-to-node=\"6,0,1\"><span data-path-to-node=\"6,0,1,0\"><b><span class=\"citation-191\">Cumplimiento y Antisoborno:<\/span><\/b><span class=\"citation-191\"> Asesora en la certificaci\u00f3n ISO 37001 y dise\u00f1a marcos de cumplimiento alineados con la FCPA para sectores de alto riesgo, incluidos energ\u00eda, infraestructura y atenci\u00f3n m\u00e9dica (o salud).<\/span><\/span><span data-path-to-node=\"6,0,1,2\">. <\/span><span data-path-to-node=\"6,0,1,4\"><span class=\"citation-190\">Tambi\u00e9n asesora sobre la integridad en la contrataci\u00f3n p\u00fablica y la mitigaci\u00f3n de riesgos en jurisdicciones complejas.<\/span><\/span><span data-path-to-node=\"6,0,1,6\">.<\/span><\/p><\/li><li><p data-path-to-node=\"6,1,1\"><span data-path-to-node=\"6,1,1,0\"><b><span class=\"citation-189\">Desarrollo de Capacidades y Liderazgo<\/span><\/b><span class=\"citation-189\"> Ha <\/span><b><span class=\"citation-189\">capacitado y entrenado profesionistas en Latinoam\u00e9rica y el mundo<\/span><\/b><span class=\"citation-189\"> en la interpretaci\u00f3n e implementaci\u00f3n de la ISO 37001, FCPA, y leyes locales anticorrupci\u00f3n<\/span><\/span><span data-path-to-node=\"6,1,1,2\">. <\/span><span data-path-to-node=\"6,1,1,4\"><span class=\"citation-188\">Ha liderado programas de cumplimiento para entidades clave, incluyendo <\/span><b><span class=\"citation-188\">Congreso de la Uni\u00f3n (M\u00e9xico)<\/span><\/b><span class=\"citation-188\">, el <\/span><b><span class=\"citation-188\">Ministerio de Educaci\u00f3n de El Salvador<\/span><\/b><span class=\"citation-188\">, por mencionar algunos.<\/span><\/span><span data-path-to-node=\"6,1,1,6\">.<\/span><\/p><\/li><li><p data-path-to-node=\"6,1,1\"><span data-path-to-node=\"6,2,1,0\"><b><span class=\"citation-187\">Cumplimiento Transaccional:<\/span><\/b><span class=\"citation-187\"> Ha ejecutado auditor\u00edas transaccionales para fusiones y adquisiciones, transacciones inmobiliarias, y otras, con un efnoque anticorrupci\u00f3n<\/span><\/span><span data-path-to-node=\"6,2,1,2\">.\u00a0<\/span><\/p><div class=\"source-inline-chip-container ng-star-inserted\">\u00a0<\/div><\/li><\/ul><h3 data-path-to-node=\"7\"><b>Education\u00a0<\/b><\/h3><p data-path-to-node=\"8\"><span data-path-to-node=\"8,1\"><span class=\"citation-185\">Rodrigo es candidato a la <\/span><b><span class=\"citation-185\">Maestr\u00eda Internacional en Anti-Corrupci\u00f3n, Cumplimiento, y Acci\u00f3n Colectiva<\/span><\/b><span class=\"citation-185\"> en la <\/span><b><span class=\"citation-185\">International Anti-Corruption Academy (IACA)<\/span><\/b><span class=\"citation-185\"> en Viena, Austria<\/span><\/span><span data-path-to-node=\"8,3\">. <\/span><span data-path-to-node=\"8,5\"><span class=\"citation-184\">Cuenta con una <\/span><b><span class=\"citation-184\">Maestria en Administraci\u00f3n de Negocios (MBA)<\/span><\/b><span class=\"citation-184\"> del Instituto Tecnol\u00f3gico y de Estudios Superiores de Monterrey <\/span><\/span><span data-path-to-node=\"8,8\"><span class=\"citation-183\">y es Licenciado en Derecho por la Universidad de las Americas, Puebla (UDLAP.<\/span><\/span><span data-path-to-node=\"8,10\">.<\/span><\/p><h3 data-path-to-node=\"10\"><b>Lenguajes<\/b><\/h3><p data-path-to-node=\"11\"><span data-path-to-node=\"11,1\"><span class=\"citation-181\">Rodrigo tiene nivel profesional <\/span><b><span class=\"citation-181\">tanto en Ingl\u00e9s como en Espa\u00f1ol<\/span><\/b><\/span><span data-path-to-node=\"11,4\"><span class=\"citation-180\">, con amplia experiencia en instrucci\u00f3n biling\u00fce y colaboraci\u00f3n acad\u00e9mica.<\/span><\/span><span data-path-to-node=\"11,6\">.<\/span><\/p>\t\t\t\t\t\t\t\t<\/div>\n\t\t\t\t<\/div>\n\t\t\t\t<\/div>\n\t\t\t\t\t<\/div>\n\t\t\t\t<\/div>\n\t\t\t\t<\/div>","protected":false},"excerpt":{"rendered":"<p>About Us Welcome to ROE LATAM, With over 19 years of global expertise , ROE Latam specializes in delivering advanced consultancy services focused on Anti-Bribery Systems, FCPA Compliance, and Ethical Governance. We are recognized for our deep expertise in implementing robust anti-corruption and compliance frameworks across high-risk jurisdictions in around the world. Our core specialization&#8230;<\/p>","protected":false},"author":2,"featured_media":0,"parent":0,"menu_order":0,"comment_status":"closed","ping_status":"closed","template":"","meta":{"footnotes":""},"class_list":["post-13441","page","type-page","status-publish","hentry"],"_links":{"self":[{"href":"https:\/\/roelatam.com\/es\/wp-json\/wp\/v2\/pages\/13441","targetHints":{"allow":["GET"]}}],"collection":[{"href":"https:\/\/roelatam.com\/es\/wp-json\/wp\/v2\/pages"}],"about":[{"href":"https:\/\/roelatam.com\/es\/wp-json\/wp\/v2\/types\/page"}],"author":[{"embeddable":true,"href":"https:\/\/roelatam.com\/es\/wp-json\/wp\/v2\/users\/2"}],"replies":[{"embeddable":true,"href":"https:\/\/roelatam.com\/es\/wp-json\/wp\/v2\/comments?post=13441"}],"version-history":[{"count":34,"href":"https:\/\/roelatam.com\/es\/wp-json\/wp\/v2\/pages\/13441\/revisions"}],"predecessor-version":[{"id":15851,"href":"https:\/\/roelatam.com\/es\/wp-json\/wp\/v2\/pages\/13441\/revisions\/15851"}],"wp:attachment":[{"href":"https:\/\/roelatam.com\/es\/wp-json\/wp\/v2\/media?parent=13441"}],"curies":[{"name":"wp","href":"https:\/\/api.w.org\/{rel}","templated":true}]}}