{"id":14875,"date":"2024-10-05T18:49:44","date_gmt":"2024-10-05T18:49:44","guid":{"rendered":"https:\/\/roelatam.com\/?page_id=14875"},"modified":"2024-10-23T21:31:57","modified_gmt":"2024-10-23T21:31:57","slug":"supply-chain-audits-and-compliance","status":"publish","type":"page","link":"https:\/\/roelatam.com\/es\/services\/supply-chain-audits-and-compliance\/","title":{"rendered":"Auditor\u00edas y  Compliance de Cadena de Suministro"},"content":{"rendered":"<div data-elementor-type=\"wp-page\" data-elementor-id=\"14875\" class=\"elementor elementor-14875\" data-elementor-post-type=\"page\">\n\t\t\t\t\t\t<section class=\"elementor-section elementor-top-section elementor-element elementor-element-4ff8c5f0 elementor-section-boxed elementor-section-height-default elementor-section-height-default\" data-id=\"4ff8c5f0\" data-element_type=\"section\" data-e-type=\"section\">\n\t\t\t\t\t\t<div class=\"elementor-container elementor-column-gap-default\">\n\t\t\t\t\t<div class=\"elementor-column elementor-col-50 elementor-top-column elementor-element elementor-element-1907e82b\" data-id=\"1907e82b\" data-element_type=\"column\" data-e-type=\"column\">\n\t\t\t<div class=\"elementor-widget-wrap elementor-element-populated\">\n\t\t\t\t\t\t<div class=\"elementor-element elementor-element-2d2625a7 elementor-widget elementor-widget-image\" data-id=\"2d2625a7\" data-element_type=\"widget\" data-e-type=\"widget\" data-widget_type=\"image.default\">\n\t\t\t\t<div class=\"elementor-widget-container\">\n\t\t\t\t\t\t\t\t\t\t\t\t\t\t\t<img fetchpriority=\"high\" decoding=\"async\" width=\"1610\" height=\"1080\" src=\"https:\/\/roelatam.com\/wp-content\/uploads\/2024\/10\/SupplyChain.jpg\" class=\"attachment-full size-full wp-image-14641\" alt=\"Supply Chain Audits and Compliance | Roe Latam\" srcset=\"https:\/\/roelatam.com\/wp-content\/uploads\/2024\/10\/SupplyChain.jpg 1610w, https:\/\/roelatam.com\/wp-content\/uploads\/2024\/10\/SupplyChain-300x201.jpg 300w, https:\/\/roelatam.com\/wp-content\/uploads\/2024\/10\/SupplyChain-1024x687.jpg 1024w, https:\/\/roelatam.com\/wp-content\/uploads\/2024\/10\/SupplyChain-768x515.jpg 768w, https:\/\/roelatam.com\/wp-content\/uploads\/2024\/10\/SupplyChain-1536x1030.jpg 1536w, https:\/\/roelatam.com\/wp-content\/uploads\/2024\/10\/SupplyChain-600x402.jpg 600w\" sizes=\"(max-width: 1610px) 100vw, 1610px\" title=\"\">\t\t\t\t\t\t\t\t\t\t\t\t\t\t\t<\/div>\n\t\t\t\t<\/div>\n\t\t\t\t<div class=\"elementor-element elementor-element-6d31a536 elementor-widget elementor-widget-heading\" data-id=\"6d31a536\" data-element_type=\"widget\" data-e-type=\"widget\" data-widget_type=\"heading.default\">\n\t\t\t\t<div class=\"elementor-widget-container\">\n\t\t\t\t\t<h2 class=\"elementor-heading-title elementor-size-default\">Auditor\u00edas y  Compliance de Cadena de Suministro\n<\/h2>\t\t\t\t<\/div>\n\t\t\t\t<\/div>\n\t\t\t\t<div class=\"elementor-element elementor-element-7553adc7 elementor-widget elementor-widget-text-editor\" data-id=\"7553adc7\" data-element_type=\"widget\" data-e-type=\"widget\" data-widget_type=\"text-editor.default\">\n\t\t\t\t<div class=\"elementor-widget-container\">\n\t\t\t\t\t\t\t\t\t<div class=\"elementor-element elementor-element-1e88211 e-con-full e-flex e-con e-child\" data-id=\"1e88211\" data-element_type=\"container\"><div class=\"elementor-element elementor-element-236b80f elementor-widget elementor-widget-text-editor\" data-id=\"236b80f\" data-element_type=\"widget\" data-widget_type=\"text-editor.default\"><div class=\"elementor-widget-container\"><p><strong>Supply Chain Audits and Compliance:<\/strong> At <a href=\"https:\/\/roelatam.com\/es\/\"><strong>Ir a ROE Latam<\/strong><\/a>, we understand that the integrity of your supply chain is as crucial as your internal operations. Whether you\u2019re managing compliance, safety, environmental responsibilities, or ethical business practices, your suppliers and partners must align with international standards. We offer supplier and supply chain audit services across multiple ISO standards to ensure that your entire value chain operates with the same commitment to compliance and sustainability as your organization.<\/p><div class=\"elementor-element elementor-element-bf23010 e-flex e-con-boxed e-con e-parent e-lazyloaded\" data-id=\"bf23010\" data-element_type=\"container\"><div class=\"e-con-inner\"><div class=\"elementor-element elementor-element-fcd9911 elementor-widget elementor-widget-heading\" data-id=\"fcd9911\" data-element_type=\"widget\" data-widget_type=\"heading.default\"><div class=\"elementor-widget-container\"><h3 class=\"elementor-heading-title elementor-size-default\"><span style=\"color: #333333;\">Normas y Regulaciones Aplicables<\/span><\/h3><\/div><\/div><\/div><\/div><div class=\"elementor-element elementor-element-bbd9ec6 e-flex e-con-boxed e-con e-parent e-lazyloaded\" data-id=\"bbd9ec6\" data-element_type=\"container\"><div class=\"e-con-inner\"><div class=\"elementor-element elementor-element-248063a elementor-icon-list--layout-traditional elementor-list-item-link-full_width elementor-widget elementor-widget-icon-list\" data-id=\"248063a\" data-element_type=\"widget\" data-widget_type=\"icon-list.default\"><div class=\"elementor-widget-container\"><ul class=\"elementor-icon-list-items\"><li class=\"elementor-icon-list-item\"><span class=\"elementor-icon-list-text\"><a href=\"https:\/\/en.wikipedia.org\/wiki\/ISO_37001\" target=\"_blank\" rel=\"noopener\"><strong>ISO 37001<\/strong><\/a>: Anti-bribery management across the supply chain<\/span><\/li><li class=\"elementor-icon-list-item\"><span class=\"elementor-icon-list-text\">ISO 14001: Responsabilidad ambiental para proveedores<\/span><\/li><li class=\"elementor-icon-list-item\"><span class=\"elementor-icon-list-text\">ISO 45001: Garantizar la salud y seguridad ocupacional para los empleados de los proveedores<\/span><\/li><li class=\"elementor-icon-list-item\"><span class=\"elementor-icon-list-text\">ISO 26000: Integraci\u00f3n de la responsabilidad social en toda su cadena de suministro<\/span><\/li><li class=\"elementor-icon-list-item\"><span class=\"elementor-icon-list-text\">Cumplimiento de la FCPA<\/span><\/li><li class=\"elementor-icon-list-item\"><span class=\"elementor-icon-list-text\">Regulaciones Locales<\/span><\/li><li class=\"elementor-icon-list-item\"><span class=\"elementor-icon-list-text\">Regulaciones Internacionales<\/span><\/li><li class=\"elementor-icon-list-item\"><span class=\"elementor-icon-list-text\">Regulaciones Espec\u00edficas del Cliente<\/span><\/li><\/ul><\/div><\/div><\/div><\/div><\/div><\/div><\/div>\t\t\t\t\t\t\t\t<\/div>\n\t\t\t\t<\/div>\n\t\t\t\t\t<\/div>\n\t\t<\/div>\n\t\t\t\t<div class=\"elementor-column elementor-col-50 elementor-top-column elementor-element elementor-element-4d81a695 bs-sidebar dynamic-sidebar\" data-id=\"4d81a695\" data-element_type=\"column\" data-e-type=\"column\">\n\t\t\t<div class=\"elementor-widget-wrap elementor-element-populated\">\n\t\t\t\t\t\t<div class=\"elementor-element elementor-element-282bfac6 elementor-widget elementor-widget-sidebar\" data-id=\"282bfac6\" data-element_type=\"widget\" data-e-type=\"widget\" data-widget_type=\"sidebar.default\">\n\t\t\t\t<div class=\"elementor-widget-container\">\n\t\t\t\t\t<div id=\"nav_menu-2\" class=\"service-singles widget widget_nav_menu\"><div class=\"menu-service-legal-sidebar-container\"><ul id=\"menu-service-legal-sidebar\" class=\"menu\"><li id=\"menu-item-15126\" class=\"menu-item menu-item-type-post_type menu-item-object-page menu-item-15126\"><a href=\"https:\/\/roelatam.com\/es\/services\/real-estate\/\">Inmobiliario<\/a><\/li>\n<li id=\"menu-item-15123\" class=\"menu-item menu-item-type-post_type menu-item-object-page menu-item-15123\"><a href=\"https:\/\/roelatam.com\/es\/due-diligence\/\">Debida Diligencia<\/a><\/li>\n<li id=\"menu-item-15124\" class=\"menu-item menu-item-type-post_type menu-item-object-page menu-item-15124\"><a href=\"https:\/\/roelatam.com\/es\/corporate\/\">Corporativo<\/a><\/li>\n<li id=\"menu-item-15125\" class=\"menu-item menu-item-type-post_type menu-item-object-page menu-item-15125\"><a href=\"https:\/\/roelatam.com\/es\/fideicomisos-trusts\/\">Fideicomisos<\/a><\/li>\n<li id=\"menu-item-15333\" class=\"menu-item menu-item-type-post_type menu-item-object-page menu-item-15333\"><a href=\"https:\/\/roelatam.com\/es\/services\/mergers-acquisitions\/\">Fusiones y Adquisiciones<\/a><\/li>\n<li id=\"menu-item-15334\" class=\"menu-item menu-item-type-post_type menu-item-object-page menu-item-15334\"><a href=\"https:\/\/roelatam.com\/es\/services\/public-procurement\/\">Licitaciones P\u00fablicas<\/a><\/li>\n<\/ul><\/div><\/div><div id=\"nav_menu-1\" class=\"service-singles widget widget_nav_menu\"><div class=\"menu-services-container\"><ul id=\"menu-services\" class=\"menu\"><li id=\"menu-item-14906\" class=\"menu-item menu-item-type-post_type menu-item-object-page menu-item-14906\"><a href=\"https:\/\/roelatam.com\/es\/foreign-corrupt-practices-act-fcpa-compliance\/\">Ley de Pr\u00e1cticas Corruptas en el Extranjero (FCPA)<\/a><\/li>\n<li id=\"menu-item-14907\" class=\"menu-item menu-item-type-post_type menu-item-object-page menu-item-14907\"><a href=\"https:\/\/roelatam.com\/es\/services\/supply-chain-audits-and-compliance\/\">Auditor\u00edas y  Compliance de Cadena de Suministro<\/a><\/li>\n<li id=\"menu-item-14908\" class=\"menu-item menu-item-type-post_type menu-item-object-page menu-item-14908\"><a href=\"https:\/\/roelatam.com\/es\/services\/iso-26000-social-responsibility-guidance\/\">ISO 26000: Gu\u00eda de Responsabilidad Social<\/a><\/li>\n<li id=\"menu-item-14909\" class=\"menu-item menu-item-type-post_type menu-item-object-page menu-item-14909\"><a href=\"https:\/\/roelatam.com\/es\/services\/iso-14001-environmental-management-systems\/\">ISO 14001: Sistemas de Gesti\u00f3n Ambiental<\/a><\/li>\n<li id=\"menu-item-14910\" class=\"menu-item menu-item-type-post_type menu-item-object-page menu-item-14910\"><a href=\"https:\/\/roelatam.com\/es\/services\/iso-37000-governance-of-organizations\/\">ISO 37000: Gobernanza de las Organizaciones<\/a><\/li>\n<li id=\"menu-item-14911\" class=\"menu-item menu-item-type-post_type menu-item-object-page menu-item-14911\"><a href=\"https:\/\/roelatam.com\/es\/services\/iso-37301-compliance-management-systems\/\">ISO 37301: Sistemas de Gesti\u00f3n de Cumplimiento<\/a><\/li>\n<li id=\"menu-item-14912\" class=\"menu-item menu-item-type-post_type menu-item-object-page menu-item-14912\"><a href=\"https:\/\/roelatam.com\/es\/services\/iso-37002-whistleblowing-management-systems\/\">ISO 37002: Sistemas de Gesti\u00f3n de Denuncias<\/a><\/li>\n<li id=\"menu-item-14913\" class=\"menu-item menu-item-type-post_type menu-item-object-page menu-item-14913\"><a href=\"https:\/\/roelatam.com\/es\/services\/iso37001-anti-bribery-management-system\/\">ISO 37001: Sistema de Gesti\u00f3n Antisoborno (SGAS)<\/a><\/li>\n<\/ul><\/div><\/div>\t\t\t\t<\/div>\n\t\t\t\t<\/div>\n\t\t\t\t\t<\/div>\n\t\t<\/div>\n\t\t\t\t\t<\/div>\n\t\t<\/section>\n\t\t<div class=\"elementor-element elementor-element-42d2ef5 e-flex e-con-boxed e-con e-parent\" data-id=\"42d2ef5\" data-element_type=\"container\" data-e-type=\"container\">\n\t\t\t\t\t<div class=\"e-con-inner\">\n\t\t\t\t<div class=\"elementor-element elementor-element-268a685 elementor-widget elementor-widget-heading\" data-id=\"268a685\" data-element_type=\"widget\" data-e-type=\"widget\" data-widget_type=\"heading.default\">\n\t\t\t\t<div class=\"elementor-widget-container\">\n\t\t\t\t\t<h3 class=\"elementor-heading-title elementor-size-default\">Supply Chain Audits and Compliance Service Overview<\/h3>\t\t\t\t<\/div>\n\t\t\t\t<\/div>\n\t\t\t\t\t<\/div>\n\t\t\t\t<\/div>\n\t\t<div class=\"elementor-element elementor-element-05ec7be e-flex e-con-boxed e-con e-parent\" data-id=\"05ec7be\" data-element_type=\"container\" data-e-type=\"container\">\n\t\t\t\t\t<div class=\"e-con-inner\">\n\t\t<div class=\"elementor-element elementor-element-cc4b6a8 e-con-full e-flex e-con e-child\" data-id=\"cc4b6a8\" data-element_type=\"container\" data-e-type=\"container\">\n\t\t\t\t<div class=\"elementor-element elementor-element-8444cf5 elementor-view-default elementor-position-block-start elementor-mobile-position-block-start elementor-widget elementor-widget-icon-box\" data-id=\"8444cf5\" data-element_type=\"widget\" data-e-type=\"widget\" data-widget_type=\"icon-box.default\">\n\t\t\t\t<div class=\"elementor-widget-container\">\n\t\t\t\t\t\t\t<div class=\"elementor-icon-box-wrapper\">\n\n\t\t\t\t\t\t<div class=\"elementor-icon-box-icon\">\n\t\t\t\t<span  class=\"elementor-icon\">\n\t\t\t\t<svg aria-hidden=\"true\" class=\"e-font-icon-svg e-far-chart-bar\" viewbox=\"0 0 512 512\" xmlns=\"http:\/\/www.w3.org\/2000\/svg\"><path d=\"M396.8 352h22.4c6.4 0 12.8-6.4 12.8-12.8V108.8c0-6.4-6.4-12.8-12.8-12.8h-22.4c-6.4 0-12.8 6.4-12.8 12.8v230.4c0 6.4 6.4 12.8 12.8 12.8zm-192 0h22.4c6.4 0 12.8-6.4 12.8-12.8V140.8c0-6.4-6.4-12.8-12.8-12.8h-22.4c-6.4 0-12.8 6.4-12.8 12.8v198.4c0 6.4 6.4 12.8 12.8 12.8zm96 0h22.4c6.4 0 12.8-6.4 12.8-12.8V204.8c0-6.4-6.4-12.8-12.8-12.8h-22.4c-6.4 0-12.8 6.4-12.8 12.8v134.4c0 6.4 6.4 12.8 12.8 12.8zM496 400H48V80c0-8.84-7.16-16-16-16H16C7.16 64 0 71.16 0 80v336c0 17.67 14.33 32 32 32h464c8.84 0 16-7.16 16-16v-16c0-8.84-7.16-16-16-16zm-387.2-48h22.4c6.4 0 12.8-6.4 12.8-12.8v-70.4c0-6.4-6.4-12.8-12.8-12.8h-22.4c-6.4 0-12.8 6.4-12.8 12.8v70.4c0 6.4 6.4 12.8 12.8 12.8z\"><\/path><\/svg>\t\t\t\t<\/span>\n\t\t\t<\/div>\n\t\t\t\n\t\t\t\t\t\t<div class=\"elementor-icon-box-content\">\n\n\t\t\t\t\t\t\t\t\t<h3 class=\"elementor-icon-box-title\">\n\t\t\t\t\t\t<span  >\n\t\t\t\t\t\t\tAuditor\u00edas de Proveedores para el Cumplimiento de Est\u00e1ndares ISO\t\t\t\t\t\t<\/span>\n\t\t\t\t\t<\/h3>\n\t\t\t\t\n\t\t\t\t\t\t\t\t\t<p class=\"elementor-icon-box-description\">\n\t\t\t\t\t\tEvaluamos si sus proveedores est\u00e1n cumpliendo con los est\u00e1ndares ISO relevantes, incluyendo ISO 37001 para antisoborno, ISO 14001 para gesti\u00f3n ambiental e ISO 45001 para salud y seguridad, entre otros.\n\n\t\t\t\t\t<\/p>\n\t\t\t\t\n\t\t\t<\/div>\n\t\t\t\n\t\t<\/div>\n\t\t\t\t\t\t<\/div>\n\t\t\t\t<\/div>\n\t\t\t\t<\/div>\n\t\t<div class=\"elementor-element elementor-element-695c4f4 e-con-full e-flex e-con e-child\" data-id=\"695c4f4\" data-element_type=\"container\" data-e-type=\"container\">\n\t\t\t\t<div class=\"elementor-element elementor-element-89fd4d2 elementor-view-default elementor-position-block-start elementor-mobile-position-block-start elementor-widget elementor-widget-icon-box\" data-id=\"89fd4d2\" data-element_type=\"widget\" data-e-type=\"widget\" data-widget_type=\"icon-box.default\">\n\t\t\t\t<div class=\"elementor-widget-container\">\n\t\t\t\t\t\t\t<div class=\"elementor-icon-box-wrapper\">\n\n\t\t\t\t\t\t<div class=\"elementor-icon-box-icon\">\n\t\t\t\t<span  class=\"elementor-icon\">\n\t\t\t\t<svg aria-hidden=\"true\" class=\"e-font-icon-svg e-fas-book\" viewbox=\"0 0 448 512\" xmlns=\"http:\/\/www.w3.org\/2000\/svg\"><path d=\"M448 360V24c0-13.3-10.7-24-24-24H96C43 0 0 43 0 96v320c0 53 43 96 96 96h328c13.3 0 24-10.7 24-24v-16c0-7.5-3.5-14.3-8.9-18.7-4.2-15.4-4.2-59.3 0-74.7 5.4-4.3 8.9-11.1 8.9-18.6zM128 134c0-3.3 2.7-6 6-6h212c3.3 0 6 2.7 6 6v20c0 3.3-2.7 6-6 6H134c-3.3 0-6-2.7-6-6v-20zm0 64c0-3.3 2.7-6 6-6h212c3.3 0 6 2.7 6 6v20c0 3.3-2.7 6-6 6H134c-3.3 0-6-2.7-6-6v-20zm253.4 250H96c-17.7 0-32-14.3-32-32 0-17.6 14.4-32 32-32h285.4c-1.9 17.1-1.9 46.9 0 64z\"><\/path><\/svg>\t\t\t\t<\/span>\n\t\t\t<\/div>\n\t\t\t\n\t\t\t\t\t\t<div class=\"elementor-icon-box-content\">\n\n\t\t\t\t\t\t\t\t\t<h3 class=\"elementor-icon-box-title\">\n\t\t\t\t\t\t<span  >\n\t\t\t\t\t\t\tEvaluaciones de Riesgo de Terceros\t\t\t\t\t\t<\/span>\n\t\t\t\t\t<\/h3>\n\t\t\t\t\n\t\t\t\t\t\t\t\t\t<p class=\"elementor-icon-box-description\">\n\t\t\t\t\t\tEvaluamos los riesgos asociados con los proveedores externos, asegurando que cumplan con sus est\u00e1ndares de cumplimiento y \u00e9tica, como los relacionados con ISO 26000 para responsabilidad social o ISO 37301 para gesti\u00f3n de cumplimiento.\n\n\t\t\t\t\t<\/p>\n\t\t\t\t\n\t\t\t<\/div>\n\t\t\t\n\t\t<\/div>\n\t\t\t\t\t\t<\/div>\n\t\t\t\t<\/div>\n\t\t\t\t<\/div>\n\t\t<div class=\"elementor-element elementor-element-d193a1f e-con-full e-flex e-con e-child\" data-id=\"d193a1f\" data-element_type=\"container\" data-e-type=\"container\">\n\t\t\t\t<div class=\"elementor-element elementor-element-bb69466 elementor-view-default elementor-position-block-start elementor-mobile-position-block-start elementor-widget elementor-widget-icon-box\" data-id=\"bb69466\" data-element_type=\"widget\" data-e-type=\"widget\" data-widget_type=\"icon-box.default\">\n\t\t\t\t<div class=\"elementor-widget-container\">\n\t\t\t\t\t\t\t<div class=\"elementor-icon-box-wrapper\">\n\n\t\t\t\t\t\t<div class=\"elementor-icon-box-icon\">\n\t\t\t\t<span  class=\"elementor-icon\">\n\t\t\t\t<svg aria-hidden=\"true\" class=\"e-font-icon-svg e-fas-portrait\" viewbox=\"0 0 384 512\" xmlns=\"http:\/\/www.w3.org\/2000\/svg\"><path d=\"M336 0H48C21.5 0 0 21.5 0 48v416c0 26.5 21.5 48 48 48h288c26.5 0 48-21.5 48-48V48c0-26.5-21.5-48-48-48zM192 128c35.3 0 64 28.7 64 64s-28.7 64-64 64-64-28.7-64-64 28.7-64 64-64zm112 236.8c0 10.6-10 19.2-22.4 19.2H102.4C90 384 80 375.4 80 364.8v-19.2c0-31.8 30.1-57.6 67.2-57.6h5c12.3 5.1 25.7 8 39.8 8s27.6-2.9 39.8-8h5c37.1 0 67.2 25.8 67.2 57.6v19.2z\"><\/path><\/svg>\t\t\t\t<\/span>\n\t\t\t<\/div>\n\t\t\t\n\t\t\t\t\t\t<div class=\"elementor-icon-box-content\">\n\n\t\t\t\t\t\t\t\t\t<h3 class=\"elementor-icon-box-title\">\n\t\t\t\t\t\t<span  >\n\t\t\t\t\t\t\tDesarrollo de una Cadena de Suministro Sostenible y \u00c9tica\t\t\t\t\t\t<\/span>\n\t\t\t\t\t<\/h3>\n\t\t\t\t\n\t\t\t\t\t\t\t\t\t<p class=\"elementor-icon-box-description\">\n\t\t\t\t\t\tLe ayudamos a implementar pol\u00edticas y procedimientos que aseguren un abastecimiento responsable, pr\u00e1cticas laborales justas y operaciones sostenibles en toda su cadena de suministro.\n\n\t\t\t\t\t<\/p>\n\t\t\t\t\n\t\t\t<\/div>\n\t\t\t\n\t\t<\/div>\n\t\t\t\t\t\t<\/div>\n\t\t\t\t<\/div>\n\t\t\t\t<\/div>\n\t\t\t\t\t<\/div>\n\t\t\t\t<\/div>\n\t\t<div class=\"elementor-element elementor-element-370d0d6 e-flex e-con-boxed e-con e-parent\" data-id=\"370d0d6\" data-element_type=\"container\" data-e-type=\"container\">\n\t\t\t\t\t<div class=\"e-con-inner\">\n\t\t<div class=\"elementor-element elementor-element-a171462 e-con-full e-flex e-con e-child\" data-id=\"a171462\" data-element_type=\"container\" data-e-type=\"container\">\n\t\t\t\t<div class=\"elementor-element elementor-element-f13164c elementor-view-default elementor-position-block-start elementor-mobile-position-block-start elementor-widget elementor-widget-icon-box\" data-id=\"f13164c\" data-element_type=\"widget\" data-e-type=\"widget\" data-widget_type=\"icon-box.default\">\n\t\t\t\t<div class=\"elementor-widget-container\">\n\t\t\t\t\t\t\t<div class=\"elementor-icon-box-wrapper\">\n\n\t\t\t\t\t\t<div class=\"elementor-icon-box-icon\">\n\t\t\t\t<span  class=\"elementor-icon\">\n\t\t\t\t<svg aria-hidden=\"true\" class=\"e-font-icon-svg e-fas-user-check\" viewbox=\"0 0 640 512\" xmlns=\"http:\/\/www.w3.org\/2000\/svg\"><path d=\"M224 256c70.7 0 128-57.3 128-128S294.7 0 224 0 96 57.3 96 128s57.3 128 128 128zm89.6 32h-16.7c-22.2 10.2-46.9 16-72.9 16s-50.6-5.8-72.9-16h-16.7C60.2 288 0 348.2 0 422.4V464c0 26.5 21.5 48 48 48h352c26.5 0 48-21.5 48-48v-41.6c0-74.2-60.2-134.4-134.4-134.4zm323-128.4l-27.8-28.1c-4.6-4.7-12.1-4.7-16.8-.1l-104.8 104-45.5-45.8c-4.6-4.7-12.1-4.7-16.8-.1l-28.1 27.9c-4.7 4.6-4.7 12.1-.1 16.8l81.7 82.3c4.6 4.7 12.1 4.7 16.8.1l141.3-140.2c4.6-4.7 4.7-12.2.1-16.8z\"><\/path><\/svg>\t\t\t\t<\/span>\n\t\t\t<\/div>\n\t\t\t\n\t\t\t\t\t\t<div class=\"elementor-icon-box-content\">\n\n\t\t\t\t\t\t\t\t\t<h3 class=\"elementor-icon-box-title\">\n\t\t\t\t\t\t<span  >\n\t\t\t\t\t\t\tMonitoreo Continuo y Mejora Continua\t\t\t\t\t\t<\/span>\n\t\t\t\t\t<\/h3>\n\t\t\t\t\n\t\t\t\t\t\t\t\t\t<p class=\"elementor-icon-box-description\">\n\t\t\t\t\t\tDespu\u00e9s de las auditor\u00edas y evaluaciones iniciales, brindamos soporte continuo para ayudar a su cadena de suministro a mantener el cumplimiento y mejorar los procesos con el tiempo.\n\n\t\t\t\t\t<\/p>\n\t\t\t\t\n\t\t\t<\/div>\n\t\t\t\n\t\t<\/div>\n\t\t\t\t\t\t<\/div>\n\t\t\t\t<\/div>\n\t\t\t\t<\/div>\n\t\t<div class=\"elementor-element elementor-element-5d0d041 e-con-full e-flex e-con e-child\" data-id=\"5d0d041\" data-element_type=\"container\" data-e-type=\"container\">\n\t\t\t\t<\/div>\n\t\t<div class=\"elementor-element elementor-element-fbf6cf6 e-con-full e-flex e-con e-child\" data-id=\"fbf6cf6\" data-element_type=\"container\" data-e-type=\"container\">\n\t\t\t\t<\/div>\n\t\t\t\t\t<\/div>\n\t\t\t\t<\/div>\n\t\t<div class=\"elementor-element elementor-element-e76c0a5 e-flex e-con-boxed e-con e-parent\" data-id=\"e76c0a5\" data-element_type=\"container\" data-e-type=\"container\">\n\t\t\t\t\t<div class=\"e-con-inner\">\n\t\t\t\t<div class=\"elementor-element elementor-element-2a19b75 elementor-widget elementor-widget-heading\" data-id=\"2a19b75\" data-element_type=\"widget\" data-e-type=\"widget\" data-widget_type=\"heading.default\">\n\t\t\t\t<div class=\"elementor-widget-container\">\n\t\t\t\t\t<h2 class=\"elementor-heading-title elementor-size-default\">Algunos de Nuestros Clientes<\/h2>\t\t\t\t<\/div>\n\t\t\t\t<\/div>\n\t\t\t\t\t<\/div>\n\t\t\t\t<\/div>\n\t\t<div class=\"elementor-element elementor-element-a73d023 e-flex e-con-boxed e-con e-parent\" data-id=\"a73d023\" data-element_type=\"container\" data-e-type=\"container\">\n\t\t\t\t\t<div class=\"e-con-inner\">\n\t\t\t\t<div class=\"elementor-element elementor-element-97fce4c elementor-arrows-position-inside elementor-pagination-position-outside elementor-widget elementor-widget-image-carousel\" data-id=\"97fce4c\" data-element_type=\"widget\" data-e-type=\"widget\" data-settings=\"{&quot;navigation&quot;:&quot;both&quot;,&quot;autoplay&quot;:&quot;yes&quot;,&quot;pause_on_hover&quot;:&quot;yes&quot;,&quot;pause_on_interaction&quot;:&quot;yes&quot;,&quot;autoplay_speed&quot;:5000,&quot;infinite&quot;:&quot;yes&quot;,&quot;speed&quot;:500}\" data-widget_type=\"image-carousel.default\">\n\t\t\t\t<div class=\"elementor-widget-container\">\n\t\t\t\t\t\t\t<div class=\"elementor-image-carousel-wrapper swiper\" role=\"region\" aria-roledescription=\"carousel\" aria-label=\"Image Carousel\" dir=\"ltr\">\n\t\t\t<div class=\"elementor-image-carousel swiper-wrapper\" aria-live=\"off\">\n\t\t\t\t\t\t\t\t<div class=\"swiper-slide\" role=\"group\" aria-roledescription=\"slide\" aria-label=\"1 de 4\"><figure class=\"swiper-slide-inner\"><img decoding=\"async\" class=\"swiper-slide-image\" src=\"https:\/\/roelatam.com\/wp-content\/uploads\/2024\/10\/CamaraDiputados.png\" alt=\"ISO 37001 Anti-Bribery Management System | Roe Latam\" title=\"\"><\/figure><\/div><div class=\"swiper-slide\" role=\"group\" aria-roledescription=\"slide\" aria-label=\"2 de 4\"><figure class=\"swiper-slide-inner\"><img decoding=\"async\" class=\"swiper-slide-image\" src=\"https:\/\/roelatam.com\/wp-content\/uploads\/2024\/10\/Sempra.png\" alt=\"ISO 37001 Anti-Bribery Management System | Roe Latam\" title=\"\"><\/figure><\/div><div class=\"swiper-slide\" role=\"group\" aria-roledescription=\"slide\" aria-label=\"3 de 4\"><figure class=\"swiper-slide-inner\"><img decoding=\"async\" class=\"swiper-slide-image\" src=\"https:\/\/roelatam.com\/wp-content\/uploads\/2024\/10\/MOPT.png\" alt=\"ISO 37001 Anti-Bribery Management System | Roe Latam\" title=\"\"><\/figure><\/div><div class=\"swiper-slide\" role=\"group\" aria-roledescription=\"slide\" aria-label=\"4 de 4\"><figure class=\"swiper-slide-inner\"><img decoding=\"async\" class=\"swiper-slide-image\" src=\"https:\/\/roelatam.com\/wp-content\/uploads\/2024\/10\/HospitalZumpango.png\" alt=\"ISO 37001 Anti-Bribery Management System | Roe Latam\" title=\"\"><\/figure><\/div>\t\t\t<\/div>\n\t\t\t\t\t\t\t\t\t\t\t\t<div class=\"elementor-swiper-button elementor-swiper-button-prev\" role=\"button\" tabindex=\"0\">\n\t\t\t\t\t\t<svg aria-hidden=\"true\" class=\"e-font-icon-svg e-eicon-chevron-left\" viewbox=\"0 0 1000 1000\" xmlns=\"http:\/\/www.w3.org\/2000\/svg\"><path d=\"M646 125C629 125 613 133 604 142L308 442C296 454 292 471 292 487 292 504 296 521 308 533L604 854C617 867 629 875 646 875 663 875 679 871 692 858 704 846 713 829 713 812 713 796 708 779 692 767L438 487 692 225C700 217 708 204 708 187 708 171 704 154 692 142 675 129 663 125 646 125Z\"><\/path><\/svg>\t\t\t\t\t<\/div>\n\t\t\t\t\t<div class=\"elementor-swiper-button elementor-swiper-button-next\" role=\"button\" tabindex=\"0\">\n\t\t\t\t\t\t<svg aria-hidden=\"true\" class=\"e-font-icon-svg e-eicon-chevron-right\" viewbox=\"0 0 1000 1000\" xmlns=\"http:\/\/www.w3.org\/2000\/svg\"><path d=\"M696 533C708 521 713 504 713 487 713 471 708 454 696 446L400 146C388 133 375 125 354 125 338 125 325 129 313 142 300 154 292 171 292 187 292 204 296 221 308 233L563 492 304 771C292 783 288 800 288 817 288 833 296 850 308 863 321 871 338 875 354 875 371 875 388 867 400 854L696 533Z\"><\/path><\/svg>\t\t\t\t\t<\/div>\n\t\t\t\t\n\t\t\t\t\t\t\t\t\t<div class=\"swiper-pagination\"><\/div>\n\t\t\t\t\t\t\t\t\t<\/div>\n\t\t\t\t\t\t<\/div>\n\t\t\t\t<\/div>\n\t\t\t\t\t<\/div>\n\t\t\t\t<\/div>\n\t\t\t\t<\/div>","protected":false},"excerpt":{"rendered":"<p>Supply Chain Audits and Compliance Supply Chain Audits and Compliance: At ROE Latam, we understand that the integrity of your supply chain is as crucial as your internal operations. Whether you\u2019re managing compliance, safety, environmental responsibilities, or ethical business practices, your suppliers and partners must align with international standards. We offer supplier and supply chain&#8230;<\/p>","protected":false},"author":2,"featured_media":0,"parent":13468,"menu_order":0,"comment_status":"closed","ping_status":"closed","template":"","meta":{"footnotes":""},"class_list":["post-14875","page","type-page","status-publish","hentry"],"_links":{"self":[{"href":"https:\/\/roelatam.com\/es\/wp-json\/wp\/v2\/pages\/14875","targetHints":{"allow":["GET"]}}],"collection":[{"href":"https:\/\/roelatam.com\/es\/wp-json\/wp\/v2\/pages"}],"about":[{"href":"https:\/\/roelatam.com\/es\/wp-json\/wp\/v2\/types\/page"}],"author":[{"embeddable":true,"href":"https:\/\/roelatam.com\/es\/wp-json\/wp\/v2\/users\/2"}],"replies":[{"embeddable":true,"href":"https:\/\/roelatam.com\/es\/wp-json\/wp\/v2\/comments?post=14875"}],"version-history":[{"count":22,"href":"https:\/\/roelatam.com\/es\/wp-json\/wp\/v2\/pages\/14875\/revisions"}],"predecessor-version":[{"id":15504,"href":"https:\/\/roelatam.com\/es\/wp-json\/wp\/v2\/pages\/14875\/revisions\/15504"}],"up":[{"embeddable":true,"href":"https:\/\/roelatam.com\/es\/wp-json\/wp\/v2\/pages\/13468"}],"wp:attachment":[{"href":"https:\/\/roelatam.com\/es\/wp-json\/wp\/v2\/media?parent=14875"}],"curies":[{"name":"wp","href":"https:\/\/api.w.org\/{rel}","templated":true}]}}