{"id":14914,"date":"2024-10-05T19:17:50","date_gmt":"2024-10-05T19:17:50","guid":{"rendered":"https:\/\/roelatam.com\/?page_id=14914"},"modified":"2024-10-23T21:53:54","modified_gmt":"2024-10-23T21:53:54","slug":"real-estate","status":"publish","type":"page","link":"https:\/\/roelatam.com\/es\/services\/real-estate\/","title":{"rendered":"Inmobiliario"},"content":{"rendered":"<div data-elementor-type=\"wp-page\" data-elementor-id=\"14914\" class=\"elementor elementor-14914\" data-elementor-post-type=\"page\">\n\t\t\t\t\t\t<section class=\"elementor-section elementor-top-section elementor-element elementor-element-4ff8c5f0 elementor-section-boxed elementor-section-height-default elementor-section-height-default\" data-id=\"4ff8c5f0\" data-element_type=\"section\" data-e-type=\"section\">\n\t\t\t\t\t\t<div class=\"elementor-container elementor-column-gap-default\">\n\t\t\t\t\t<div class=\"elementor-column elementor-col-50 elementor-top-column elementor-element elementor-element-1907e82b\" data-id=\"1907e82b\" data-element_type=\"column\" data-e-type=\"column\">\n\t\t\t<div class=\"elementor-widget-wrap elementor-element-populated\">\n\t\t\t\t\t\t<div class=\"elementor-element elementor-element-2d2625a7 elementor-widget elementor-widget-image\" data-id=\"2d2625a7\" data-element_type=\"widget\" data-e-type=\"widget\" data-widget_type=\"image.default\">\n\t\t\t\t<div class=\"elementor-widget-container\">\n\t\t\t\t\t\t\t\t\t\t\t\t\t\t\t<img fetchpriority=\"high\" decoding=\"async\" width=\"370\" height=\"265\" src=\"https:\/\/roelatam.com\/wp-content\/uploads\/2024\/10\/realestate-370x265-1.jpg\" class=\"attachment-full size-full wp-image-14916\" alt=\"Real Estate Services Act and Buying Guidance\" srcset=\"https:\/\/roelatam.com\/wp-content\/uploads\/2024\/10\/realestate-370x265-1.jpg 370w, https:\/\/roelatam.com\/wp-content\/uploads\/2024\/10\/realestate-370x265-1-300x215.jpg 300w\" sizes=\"(max-width: 370px) 100vw, 370px\" title=\"\">\t\t\t\t\t\t\t\t\t\t\t\t\t\t\t<\/div>\n\t\t\t\t<\/div>\n\t\t\t\t<div class=\"elementor-element elementor-element-6d31a536 elementor-widget elementor-widget-heading\" data-id=\"6d31a536\" data-element_type=\"widget\" data-e-type=\"widget\" data-widget_type=\"heading.default\">\n\t\t\t\t<div class=\"elementor-widget-container\">\n\t\t\t\t\t<h2 class=\"elementor-heading-title elementor-size-default\">Real Estate Services\n<\/h2>\t\t\t\t<\/div>\n\t\t\t\t<\/div>\n\t\t\t\t<div class=\"elementor-element elementor-element-7553adc7 elementor-widget elementor-widget-text-editor\" data-id=\"7553adc7\" data-element_type=\"widget\" data-e-type=\"widget\" data-widget_type=\"text-editor.default\">\n\t\t\t\t<div class=\"elementor-widget-container\">\n\t\t\t\t\t\t\t\t\t<div class=\"elementor-element elementor-element-1e88211 e-con-full e-flex e-con e-child\" data-id=\"1e88211\" data-element_type=\"container\"><div class=\"elementor-element elementor-element-236b80f elementor-widget elementor-widget-text-editor\" data-id=\"236b80f\" data-element_type=\"widget\" data-widget_type=\"text-editor.default\"><div class=\"elementor-widget-container\"><p>At <a href=\"https:\/\/roelatam.com\/es\/\"><strong>ROE LATAM<\/strong><\/a>, we offer a comprehensive suite of real estate services, guiding our clients through every stage of the property ownership and transaction process with precision and expertise. Whether you are an individual, investor, or corporation, we pride ourselves on delivering tailored solutions that meet your unique needs in the Latin American real estate market.<\/p><p>Nuestros servicios comienzan con\u00a0<strong>asistencia en la compra de terrenos<\/strong>, donde brindamos orientaci\u00f3n experta para identificar oportunidades clave, realizar una debida diligencia exhaustiva y navegar por procedimientos complejos de adquisici\u00f3n de propiedades. Nos encargamos de todo, desde las negociaciones iniciales hasta garantizar el cumplimiento legal, brind\u00e1ndole tranquilidad durante todo el proceso.<\/p><p>Nos especializamos en\u00a0<strong>regularizaci\u00f3n de tierras<\/strong>, asistiendo a los clientes en la resoluci\u00f3n de problemas de t\u00edtulo, manejando escrituras incompletas y asegurando que toda la documentaci\u00f3n de la propiedad est\u00e9 en orden. Nuestro profundo conocimiento de las leyes inmobiliarias locales e internacionales garantiza que sus transacciones sean legalmente s\u00f3lidas y seguras, especialmente en operaciones inmobiliarias transfronterizas o de alto valor.<\/p><p>El tr\u00e1mite y obtenci\u00f3n de\u00a0<strong>permisos de construcci\u00f3n<\/strong>\u00a0puede ser un proceso desafiante, especialmente en mercados extranjeros. La amplia experiencia de ROE LATAM con regulaciones locales y procedimientos gubernamentales nos permite agilizar este proceso, asegurando que sus proyectos de desarrollo cumplan con todos los est\u00e1ndares legales y ambientales de manera eficiente.<\/p><p>En lo que respecta a la\u00a0<strong>venta y renta de propiedades<\/strong>, facilitamos ambos lados de la transacci\u00f3n, representando a vendedores y compradores con la misma dedicaci\u00f3n. Nuestro equipo de expertos inmobiliarios sabe c\u00f3mo posicionar su propiedad para atraer al cliente adecuado, negociando t\u00e9rminos favorables mientras mantenemos sus mejores intereses en primer plano. Ya sea que busque alquilar o vender, nos aseguramos de que cada aspecto se maneje de manera fluida, desde la comercializaci\u00f3n y listado hasta el cierre del trato.<\/p><p>With years of hands-on experience in the real estate markets across <strong><a href=\"https:\/\/en.wikipedia.org\/wiki\/Latin_America\" target=\"_blank\" rel=\"noopener\">Latin America<\/a><\/strong>, we offer unparalleled insights into market trends, property valuations, and investment strategies. Our client-centered approach ensures a\u00a0<strong>sin complicaciones<\/strong>, donde manejamos las complejidades de las transacciones de propiedad para que usted pueda concentrarse en lo que m\u00e1s importa. En ROE LATAM, estamos comprometidos a convertir sus objetivos inmobiliarios en una realidad con profesionalismo, transparencia y experiencia.<\/p><\/div><\/div><\/div>\t\t\t\t\t\t\t\t<\/div>\n\t\t\t\t<\/div>\n\t\t\t\t\t<\/div>\n\t\t<\/div>\n\t\t\t\t<div class=\"elementor-column elementor-col-50 elementor-top-column elementor-element elementor-element-2e144dc bs-sidebar dynamic-sidebar\" data-id=\"2e144dc\" data-element_type=\"column\" data-e-type=\"column\">\n\t\t\t<div class=\"elementor-widget-wrap elementor-element-populated\">\n\t\t\t\t\t\t<div class=\"elementor-element elementor-element-a2935d2 elementor-widget elementor-widget-sidebar\" data-id=\"a2935d2\" data-element_type=\"widget\" data-e-type=\"widget\" data-widget_type=\"sidebar.default\">\n\t\t\t\t<div class=\"elementor-widget-container\">\n\t\t\t\t\t<div id=\"nav_menu-2\" class=\"service-singles widget widget_nav_menu\"><div class=\"menu-service-legal-sidebar-container\"><ul id=\"menu-service-legal-sidebar\" class=\"menu\"><li id=\"menu-item-15126\" class=\"menu-item menu-item-type-post_type menu-item-object-page menu-item-15126\"><a href=\"https:\/\/roelatam.com\/es\/services\/real-estate\/\">Inmobiliario<\/a><\/li>\n<li id=\"menu-item-15123\" class=\"menu-item menu-item-type-post_type menu-item-object-page menu-item-15123\"><a href=\"https:\/\/roelatam.com\/es\/due-diligence\/\">Debida Diligencia<\/a><\/li>\n<li id=\"menu-item-15124\" class=\"menu-item menu-item-type-post_type menu-item-object-page menu-item-15124\"><a href=\"https:\/\/roelatam.com\/es\/corporate\/\">Corporativo<\/a><\/li>\n<li id=\"menu-item-15125\" class=\"menu-item menu-item-type-post_type menu-item-object-page menu-item-15125\"><a href=\"https:\/\/roelatam.com\/es\/fideicomisos-trusts\/\">Fideicomisos<\/a><\/li>\n<li id=\"menu-item-15333\" class=\"menu-item menu-item-type-post_type menu-item-object-page menu-item-15333\"><a href=\"https:\/\/roelatam.com\/es\/services\/mergers-acquisitions\/\">Fusiones y Adquisiciones<\/a><\/li>\n<li id=\"menu-item-15334\" class=\"menu-item menu-item-type-post_type menu-item-object-page menu-item-15334\"><a href=\"https:\/\/roelatam.com\/es\/services\/public-procurement\/\">Licitaciones P\u00fablicas<\/a><\/li>\n<\/ul><\/div><\/div><div id=\"nav_menu-1\" class=\"service-singles widget widget_nav_menu\"><div class=\"menu-services-container\"><ul id=\"menu-services\" class=\"menu\"><li id=\"menu-item-14906\" class=\"menu-item menu-item-type-post_type menu-item-object-page menu-item-14906\"><a href=\"https:\/\/roelatam.com\/es\/foreign-corrupt-practices-act-fcpa-compliance\/\">Ley de Pr\u00e1cticas Corruptas en el Extranjero (FCPA)<\/a><\/li>\n<li id=\"menu-item-14907\" class=\"menu-item menu-item-type-post_type menu-item-object-page menu-item-14907\"><a href=\"https:\/\/roelatam.com\/es\/services\/supply-chain-audits-and-compliance\/\">Auditor\u00edas y  Compliance de Cadena de Suministro<\/a><\/li>\n<li id=\"menu-item-14908\" class=\"menu-item menu-item-type-post_type menu-item-object-page menu-item-14908\"><a href=\"https:\/\/roelatam.com\/es\/services\/iso-26000-social-responsibility-guidance\/\">ISO 26000: Gu\u00eda de Responsabilidad Social<\/a><\/li>\n<li id=\"menu-item-14909\" class=\"menu-item menu-item-type-post_type menu-item-object-page menu-item-14909\"><a href=\"https:\/\/roelatam.com\/es\/services\/iso-14001-environmental-management-systems\/\">ISO 14001: Sistemas de Gesti\u00f3n Ambiental<\/a><\/li>\n<li id=\"menu-item-14910\" class=\"menu-item menu-item-type-post_type menu-item-object-page menu-item-14910\"><a href=\"https:\/\/roelatam.com\/es\/services\/iso-37000-governance-of-organizations\/\">ISO 37000: Gobernanza de las Organizaciones<\/a><\/li>\n<li id=\"menu-item-14911\" class=\"menu-item menu-item-type-post_type menu-item-object-page menu-item-14911\"><a href=\"https:\/\/roelatam.com\/es\/services\/iso-37301-compliance-management-systems\/\">ISO 37301: Sistemas de Gesti\u00f3n de Cumplimiento<\/a><\/li>\n<li id=\"menu-item-14912\" class=\"menu-item menu-item-type-post_type menu-item-object-page menu-item-14912\"><a href=\"https:\/\/roelatam.com\/es\/services\/iso-37002-whistleblowing-management-systems\/\">ISO 37002: Sistemas de Gesti\u00f3n de Denuncias<\/a><\/li>\n<li id=\"menu-item-14913\" class=\"menu-item menu-item-type-post_type menu-item-object-page menu-item-14913\"><a href=\"https:\/\/roelatam.com\/es\/services\/iso37001-anti-bribery-management-system\/\">ISO 37001: Sistema de Gesti\u00f3n Antisoborno (SGAS)<\/a><\/li>\n<\/ul><\/div><\/div>\t\t\t\t<\/div>\n\t\t\t\t<\/div>\n\t\t\t\t\t<\/div>\n\t\t<\/div>\n\t\t\t\t\t<\/div>\n\t\t<\/section>\n\t\t\t\t<\/div>","protected":false},"excerpt":{"rendered":"<p>Real Estate Services At ROE LATAM, we offer a comprehensive suite of real estate services, guiding our clients through every stage of the property ownership and transaction process with precision and expertise. Whether you are an individual, investor, or corporation, we pride ourselves on delivering tailored solutions that meet your unique needs in the Latin&#8230;<\/p>","protected":false},"author":2,"featured_media":0,"parent":13468,"menu_order":0,"comment_status":"closed","ping_status":"closed","template":"","meta":{"footnotes":""},"class_list":["post-14914","page","type-page","status-publish","hentry"],"_links":{"self":[{"href":"https:\/\/roelatam.com\/es\/wp-json\/wp\/v2\/pages\/14914","targetHints":{"allow":["GET"]}}],"collection":[{"href":"https:\/\/roelatam.com\/es\/wp-json\/wp\/v2\/pages"}],"about":[{"href":"https:\/\/roelatam.com\/es\/wp-json\/wp\/v2\/types\/page"}],"author":[{"embeddable":true,"href":"https:\/\/roelatam.com\/es\/wp-json\/wp\/v2\/users\/2"}],"replies":[{"embeddable":true,"href":"https:\/\/roelatam.com\/es\/wp-json\/wp\/v2\/comments?post=14914"}],"version-history":[{"count":37,"href":"https:\/\/roelatam.com\/es\/wp-json\/wp\/v2\/pages\/14914\/revisions"}],"predecessor-version":[{"id":15526,"href":"https:\/\/roelatam.com\/es\/wp-json\/wp\/v2\/pages\/14914\/revisions\/15526"}],"up":[{"embeddable":true,"href":"https:\/\/roelatam.com\/es\/wp-json\/wp\/v2\/pages\/13468"}],"wp:attachment":[{"href":"https:\/\/roelatam.com\/es\/wp-json\/wp\/v2\/media?parent=14914"}],"curies":[{"name":"wp","href":"https:\/\/api.w.org\/{rel}","templated":true}]}}