{"id":14920,"date":"2024-10-05T19:20:36","date_gmt":"2024-10-05T19:20:36","guid":{"rendered":"https:\/\/roelatam.com\/?page_id=14920"},"modified":"2024-10-10T17:47:53","modified_gmt":"2024-10-10T17:47:53","slug":"fideicomisos-trusts","status":"publish","type":"page","link":"https:\/\/roelatam.com\/es\/fideicomisos-trusts\/","title":{"rendered":"Fideicomisos"},"content":{"rendered":"<div data-elementor-type=\"wp-page\" data-elementor-id=\"14920\" class=\"elementor elementor-14920\" data-elementor-post-type=\"page\">\n\t\t\t\t\t\t<section class=\"elementor-section elementor-top-section elementor-element elementor-element-4ff8c5f0 elementor-section-boxed elementor-section-height-default elementor-section-height-default\" data-id=\"4ff8c5f0\" data-element_type=\"section\" data-e-type=\"section\">\n\t\t\t\t\t\t<div class=\"elementor-container elementor-column-gap-default\">\n\t\t\t\t\t<div class=\"elementor-column elementor-col-50 elementor-top-column elementor-element elementor-element-1907e82b\" data-id=\"1907e82b\" data-element_type=\"column\" data-e-type=\"column\">\n\t\t\t<div class=\"elementor-widget-wrap elementor-element-populated\">\n\t\t\t\t\t\t<div class=\"elementor-element elementor-element-2d2625a7 elementor-widget elementor-widget-image\" data-id=\"2d2625a7\" data-element_type=\"widget\" data-e-type=\"widget\" data-widget_type=\"image.default\">\n\t\t\t\t<div class=\"elementor-widget-container\">\n\t\t\t\t\t\t\t\t\t\t\t\t\t\t\t<img fetchpriority=\"high\" decoding=\"async\" width=\"370\" height=\"265\" src=\"https:\/\/roelatam.com\/wp-content\/uploads\/2024\/10\/papeles-370x265-1.jpg\" class=\"attachment-full size-full wp-image-14922\" alt=\"\" srcset=\"https:\/\/roelatam.com\/wp-content\/uploads\/2024\/10\/papeles-370x265-1.jpg 370w, https:\/\/roelatam.com\/wp-content\/uploads\/2024\/10\/papeles-370x265-1-300x215.jpg 300w\" sizes=\"(max-width: 370px) 100vw, 370px\" title=\"\">\t\t\t\t\t\t\t\t\t\t\t\t\t\t\t<\/div>\n\t\t\t\t<\/div>\n\t\t\t\t<div class=\"elementor-element elementor-element-6d31a536 elementor-widget elementor-widget-heading\" data-id=\"6d31a536\" data-element_type=\"widget\" data-e-type=\"widget\" data-widget_type=\"heading.default\">\n\t\t\t\t<div class=\"elementor-widget-container\">\n\t\t\t\t\t<h2 class=\"elementor-heading-title elementor-size-default\">Fideicomisos\n<\/h2>\t\t\t\t<\/div>\n\t\t\t\t<\/div>\n\t\t\t\t<div class=\"elementor-element elementor-element-7553adc7 elementor-widget elementor-widget-text-editor\" data-id=\"7553adc7\" data-element_type=\"widget\" data-e-type=\"widget\" data-widget_type=\"text-editor.default\">\n\t\t\t\t<div class=\"elementor-widget-container\">\n\t\t\t\t\t\t\t\t\t<div class=\"elementor-element elementor-element-1e88211 e-con-full e-flex e-con e-child\" data-id=\"1e88211\" data-element_type=\"container\">\n<div class=\"elementor-element elementor-element-236b80f elementor-widget elementor-widget-text-editor\" data-id=\"236b80f\" data-element_type=\"widget\" data-widget_type=\"text-editor.default\">\n<div class=\"elementor-widget-container\">\n<p>En ROE Latam nos especializamos en la\u00a0<strong>redacci\u00f3n, negociaci\u00f3n y ejecuci\u00f3n de fideicomisos<\/strong>, ofreciendo soluciones personalizadas que se adaptan a las diversas necesidades de nuestros clientes. Con una profunda experiencia en una amplia gama de estructuras de fideicomisos, estamos capacitados para guiarle a trav\u00e9s de las complejidades de las regulaciones de fideicomisos tanto locales como internacionales, asegurando que sus activos e intereses est\u00e9n completamente protegidos.<\/p>\n<p>Nuestros servicios incluyen diferentes tipos de fideicomisos, incluyendo:<\/p>\n<ol>\n<li><strong>Fideicomisos Inmobiliarios<\/strong>: Ya sea que est\u00e9 adquiriendo propiedad como individuo o a trav\u00e9s de un grupo de inversi\u00f3n, dise\u00f1amos fideicomisos inmobiliarios que protegen sus activos y proporcionan un enfoque estructurado para la gesti\u00f3n y propiedad de bienes ra\u00edces.<\/li>\n<li><strong>Fideicomisos en Zona Restringida<\/strong>: Los extranjeros que buscan comprar propiedades en las zonas restringidas de M\u00e9xico (como \u00e1reas de playa o fronterizas) a menudo enfrentan desaf\u00edos legales debido a restricciones constitucionales. Facilitamos la creaci\u00f3n de fideicomisos en zonas restringidas, permitiendo a los clientes no mexicanos adquirir y disfrutar de derechos de propiedad en estas ubicaciones deseables, mientras garantizamos el pleno cumplimiento legal con la legislaci\u00f3n mexicana.<\/li>\n<li><strong>Fideicomisos de Construcci\u00f3n<\/strong>: Para desarrolladores y empresas de construcci\u00f3n, ofrecemos fideicomisos de construcci\u00f3n especializados que proporcionan un marco seguro para gestionar fondos y activos a lo largo del ciclo de vida del proyecto. Esto ayuda a agilizar el proceso de desarrollo y garantiza que los intereses de todas las partes est\u00e9n protegidos.<\/li>\n<li><strong>Fideicomisos de Administraci\u00f3n<\/strong>: Ya sea que necesite gesti\u00f3n profesional de activos financieros, bienes ra\u00edces u otras inversiones, nuestros fideicomisos de administraci\u00f3n ofrecen un mecanismo confiable para la gesti\u00f3n continua de sus activos, asegurando transparencia, eficiencia y protecci\u00f3n legal.<\/li>\n<li><strong>Fideicomisos Hereditarios<\/strong>: La planificaci\u00f3n patrimonial es fundamental para asegurar una transferencia de riqueza fluida y libre de conflictos a las generaciones futuras. Nuestros servicios de fideicomisos hereditarios est\u00e1n dise\u00f1ados para ayudarle a estructurar y gestionar la distribuci\u00f3n de sus activos de acuerdo con sus deseos espec\u00edficos, protegiendo la riqueza familiar y minimizando posibles disputas legales o responsabilidades fiscales.<\/li>\n<\/ol>\n<p>Nuestro equipo trabaja estrechamente con usted para comprender sus objetivos y crear una soluci\u00f3n de\u00a0<strong>fideicomiso personalizada<\/strong>\u00a0que se alinee con sus metas, ya sea proteger activos, facilitar la compra de propiedades, gestionar bienes ra\u00edces o garantizar la transferencia fluida de riqueza a sus herederos. Priorizamos el cumplimiento legal, la transparencia y una gesti\u00f3n eficiente, brind\u00e1ndole la confianza de que sus activos est\u00e1n en manos seguras.<\/p>\n<p>En ROE LATAM, nuestros servicios de fideicomiso integrales van m\u00e1s all\u00e1 de la simple documentaci\u00f3n; ofrecemos soporte integral, desde la planificaci\u00f3n inicial hasta la administraci\u00f3n continua, asegurando que su fideicomiso funcione de manera fluida y efectiva a lo largo del tiempo. Ya sea que sea un individuo, una familia o una entidad empresarial, adaptamos cada fideicomiso para satisfacer sus necesidades espec\u00edficas y garantizar una seguridad y tranquilidad a largo plazo.<\/p>\n<\/div>\n<\/div>\n<\/div>\t\t\t\t\t\t\t\t<\/div>\n\t\t\t\t<\/div>\n\t\t\t\t\t<\/div>\n\t\t<\/div>\n\t\t\t\t<div class=\"elementor-column elementor-col-50 elementor-top-column elementor-element elementor-element-9b2ae55 bs-sidebar dynamic-sidebar\" data-id=\"9b2ae55\" data-element_type=\"column\" data-e-type=\"column\">\n\t\t\t<div class=\"elementor-widget-wrap elementor-element-populated\">\n\t\t\t\t\t\t<div class=\"elementor-element elementor-element-a15a253 elementor-widget elementor-widget-sidebar\" data-id=\"a15a253\" data-element_type=\"widget\" data-e-type=\"widget\" data-widget_type=\"sidebar.default\">\n\t\t\t\t<div class=\"elementor-widget-container\">\n\t\t\t\t\t<div id=\"nav_menu-2\" class=\"service-singles widget widget_nav_menu\"><div class=\"menu-service-legal-sidebar-container\"><ul id=\"menu-service-legal-sidebar\" class=\"menu\"><li id=\"menu-item-15126\" class=\"menu-item menu-item-type-post_type menu-item-object-page menu-item-15126\"><a href=\"https:\/\/roelatam.com\/es\/services\/real-estate\/\">Inmobiliario<\/a><\/li>\n<li id=\"menu-item-15123\" class=\"menu-item menu-item-type-post_type menu-item-object-page menu-item-15123\"><a href=\"https:\/\/roelatam.com\/es\/due-diligence\/\">Debida Diligencia<\/a><\/li>\n<li id=\"menu-item-15124\" class=\"menu-item menu-item-type-post_type menu-item-object-page menu-item-15124\"><a href=\"https:\/\/roelatam.com\/es\/corporate\/\">Corporativo<\/a><\/li>\n<li id=\"menu-item-15125\" class=\"menu-item menu-item-type-post_type menu-item-object-page menu-item-15125\"><a href=\"https:\/\/roelatam.com\/es\/fideicomisos-trusts\/\">Fideicomisos<\/a><\/li>\n<li id=\"menu-item-15333\" class=\"menu-item menu-item-type-post_type menu-item-object-page menu-item-15333\"><a href=\"https:\/\/roelatam.com\/es\/services\/mergers-acquisitions\/\">Fusiones y Adquisiciones<\/a><\/li>\n<li id=\"menu-item-15334\" class=\"menu-item menu-item-type-post_type menu-item-object-page menu-item-15334\"><a href=\"https:\/\/roelatam.com\/es\/services\/public-procurement\/\">Licitaciones P\u00fablicas<\/a><\/li>\n<\/ul><\/div><\/div><div id=\"nav_menu-1\" class=\"service-singles widget widget_nav_menu\"><div class=\"menu-services-container\"><ul id=\"menu-services\" class=\"menu\"><li id=\"menu-item-14906\" class=\"menu-item menu-item-type-post_type menu-item-object-page menu-item-14906\"><a href=\"https:\/\/roelatam.com\/es\/foreign-corrupt-practices-act-fcpa-compliance\/\">Ley de Pr\u00e1cticas Corruptas en el Extranjero (FCPA)<\/a><\/li>\n<li id=\"menu-item-14907\" class=\"menu-item menu-item-type-post_type menu-item-object-page menu-item-14907\"><a href=\"https:\/\/roelatam.com\/es\/services\/supply-chain-audits-and-compliance\/\">Auditor\u00edas y  Compliance de Cadena de Suministro<\/a><\/li>\n<li id=\"menu-item-14908\" class=\"menu-item menu-item-type-post_type menu-item-object-page menu-item-14908\"><a href=\"https:\/\/roelatam.com\/es\/services\/iso-26000-social-responsibility-guidance\/\">ISO 26000: Gu\u00eda de Responsabilidad Social<\/a><\/li>\n<li id=\"menu-item-14909\" class=\"menu-item menu-item-type-post_type menu-item-object-page menu-item-14909\"><a href=\"https:\/\/roelatam.com\/es\/services\/iso-14001-environmental-management-systems\/\">ISO 14001: Sistemas de Gesti\u00f3n Ambiental<\/a><\/li>\n<li id=\"menu-item-14910\" class=\"menu-item menu-item-type-post_type menu-item-object-page menu-item-14910\"><a href=\"https:\/\/roelatam.com\/es\/services\/iso-37000-governance-of-organizations\/\">ISO 37000: Gobernanza de las Organizaciones<\/a><\/li>\n<li id=\"menu-item-14911\" class=\"menu-item menu-item-type-post_type menu-item-object-page menu-item-14911\"><a href=\"https:\/\/roelatam.com\/es\/services\/iso-37301-compliance-management-systems\/\">ISO 37301: Sistemas de Gesti\u00f3n de Cumplimiento<\/a><\/li>\n<li id=\"menu-item-14912\" class=\"menu-item menu-item-type-post_type menu-item-object-page menu-item-14912\"><a href=\"https:\/\/roelatam.com\/es\/services\/iso-37002-whistleblowing-management-systems\/\">ISO 37002: Sistemas de Gesti\u00f3n de Denuncias<\/a><\/li>\n<li id=\"menu-item-14913\" class=\"menu-item menu-item-type-post_type menu-item-object-page menu-item-14913\"><a href=\"https:\/\/roelatam.com\/es\/services\/iso37001-anti-bribery-management-system\/\">ISO 37001: Sistema de Gesti\u00f3n Antisoborno (SGAS)<\/a><\/li>\n<\/ul><\/div><\/div>\t\t\t\t<\/div>\n\t\t\t\t<\/div>\n\t\t\t\t\t<\/div>\n\t\t<\/div>\n\t\t\t\t\t<\/div>\n\t\t<\/section>\n\t\t\t\t<\/div>","protected":false},"excerpt":{"rendered":"<p>Fideicomisos (Trusts) At ROE LATAM, we specialize in the\u00a0drafting, negotiation, and execution of trusts (\u201cfideicomisos\u201d), offering personalized solutions that cater to the diverse needs of our clients. With deep expertise in a wide array of trust structures, we are equipped to guide you through the complexities of both local and international trust regulations, ensuring that&#8230;<\/p>","protected":false},"author":2,"featured_media":0,"parent":0,"menu_order":0,"comment_status":"closed","ping_status":"closed","template":"","meta":{"footnotes":""},"class_list":["post-14920","page","type-page","status-publish","hentry"],"_links":{"self":[{"href":"https:\/\/roelatam.com\/es\/wp-json\/wp\/v2\/pages\/14920","targetHints":{"allow":["GET"]}}],"collection":[{"href":"https:\/\/roelatam.com\/es\/wp-json\/wp\/v2\/pages"}],"about":[{"href":"https:\/\/roelatam.com\/es\/wp-json\/wp\/v2\/types\/page"}],"author":[{"embeddable":true,"href":"https:\/\/roelatam.com\/es\/wp-json\/wp\/v2\/users\/2"}],"replies":[{"embeddable":true,"href":"https:\/\/roelatam.com\/es\/wp-json\/wp\/v2\/comments?post=14920"}],"version-history":[{"count":25,"href":"https:\/\/roelatam.com\/es\/wp-json\/wp\/v2\/pages\/14920\/revisions"}],"predecessor-version":[{"id":15216,"href":"https:\/\/roelatam.com\/es\/wp-json\/wp\/v2\/pages\/14920\/revisions\/15216"}],"wp:attachment":[{"href":"https:\/\/roelatam.com\/es\/wp-json\/wp\/v2\/media?parent=14920"}],"curies":[{"name":"wp","href":"https:\/\/api.w.org\/{rel}","templated":true}]}}