{"id":14938,"date":"2024-10-05T19:31:56","date_gmt":"2024-10-05T19:31:56","guid":{"rendered":"https:\/\/roelatam.com\/?page_id=14938"},"modified":"2024-10-23T22:16:05","modified_gmt":"2024-10-23T22:16:05","slug":"due-diligence","status":"publish","type":"page","link":"https:\/\/roelatam.com\/es\/due-diligence\/","title":{"rendered":"Debida Diligencia"},"content":{"rendered":"<div data-elementor-type=\"wp-page\" data-elementor-id=\"14938\" class=\"elementor elementor-14938\" data-elementor-post-type=\"page\">\n\t\t\t\t\t\t<section class=\"elementor-section elementor-top-section elementor-element elementor-element-4ff8c5f0 elementor-section-boxed elementor-section-height-default elementor-section-height-default\" data-id=\"4ff8c5f0\" data-element_type=\"section\" data-e-type=\"section\">\n\t\t\t\t\t\t<div class=\"elementor-container elementor-column-gap-default\">\n\t\t\t\t\t<div class=\"elementor-column elementor-col-50 elementor-top-column elementor-element elementor-element-1907e82b\" data-id=\"1907e82b\" data-element_type=\"column\" data-e-type=\"column\">\n\t\t\t<div class=\"elementor-widget-wrap elementor-element-populated\">\n\t\t\t\t\t\t<div class=\"elementor-element elementor-element-2d2625a7 elementor-widget elementor-widget-image\" data-id=\"2d2625a7\" data-element_type=\"widget\" data-e-type=\"widget\" data-widget_type=\"image.default\">\n\t\t\t\t<div class=\"elementor-widget-container\">\n\t\t\t\t\t\t\t\t\t\t\t\t\t\t\t<img fetchpriority=\"high\" decoding=\"async\" width=\"370\" height=\"265\" src=\"https:\/\/roelatam.com\/wp-content\/uploads\/2024\/10\/checklist-370x265-1.jpg\" class=\"attachment-full size-full wp-image-14940\" alt=\"Business Due Diligence Services | Roe Latam\" srcset=\"https:\/\/roelatam.com\/wp-content\/uploads\/2024\/10\/checklist-370x265-1.jpg 370w, https:\/\/roelatam.com\/wp-content\/uploads\/2024\/10\/checklist-370x265-1-300x215.jpg 300w\" sizes=\"(max-width: 370px) 100vw, 370px\" title=\"\">\t\t\t\t\t\t\t\t\t\t\t\t\t\t\t<\/div>\n\t\t\t\t<\/div>\n\t\t\t\t<div class=\"elementor-element elementor-element-6d31a536 elementor-widget elementor-widget-heading\" data-id=\"6d31a536\" data-element_type=\"widget\" data-e-type=\"widget\" data-widget_type=\"heading.default\">\n\t\t\t\t<div class=\"elementor-widget-container\">\n\t\t\t\t\t<h2 class=\"elementor-heading-title elementor-size-default\">Debida Diligencia\n<\/h2>\t\t\t\t<\/div>\n\t\t\t\t<\/div>\n\t\t\t\t<div class=\"elementor-element elementor-element-7553adc7 elementor-widget elementor-widget-text-editor\" data-id=\"7553adc7\" data-element_type=\"widget\" data-e-type=\"widget\" data-widget_type=\"text-editor.default\">\n\t\t\t\t<div class=\"elementor-widget-container\">\n\t\t\t\t\t\t\t\t\t<div class=\"elementor-element elementor-element-1e88211 e-con-full e-flex e-con e-child\" data-id=\"1e88211\" data-element_type=\"container\"><div class=\"elementor-element elementor-element-236b80f elementor-widget elementor-widget-text-editor\" data-id=\"236b80f\" data-element_type=\"widget\" data-widget_type=\"text-editor.default\"><div class=\"elementor-widget-container\"><p>At <a href=\"https:\/\/roelatam.com\/es\/\"><strong>ROE LATAM<\/strong><\/a>, we specialize in conducting comprehensive due diligence, ensuring that every aspect of your potential investment or <a href=\"https:\/\/en.wikipedia.org\/wiki\/Business_transaction_management\" target=\"_blank\" rel=\"noopener\"><strong>business transaction<\/strong><\/a> is thoroughly examined. Our team utilizes advanced research methods and taps into extensive legal resources to uncover any potential risks or hidden liabilities.<\/p><ol><li><strong>Identificaci\u00f3n y Mitigaci\u00f3n de Riesgos<\/strong>. Identificamos y evaluamos meticulosamente los riesgos financieros, legales y operativos, proporcionando informaci\u00f3n precisa y actualizada. Esto le permite tomar decisiones bien fundamentadas con confianza, reduciendo la posibilidad de complicaciones imprevistas.<\/li><li><strong>Revisi\u00f3n de Antecedentes Legales<\/strong>. Nuestros servicios de verificaci\u00f3n de antecedentes legales garantizan que cada entidad o individuo involucrado en la transacci\u00f3n sea evaluado a fondo. Este paso es crucial para entender la situaci\u00f3n legal y la historia pasada de todas las partes, proporcionando capas adicionales de seguridad.<\/li><li><strong>Confidencialidad<\/strong>. Mantenemos una estricta confidencialidad durante todo el proceso de debida diligencia, asegurando que la informaci\u00f3n sensible est\u00e9 protegida en todo momento. Nuestra atenci\u00f3n al detalle garantiza que cada aspecto de la transacci\u00f3n sea examinado cuidadosamente, brind\u00e1ndole total tranquilidad.<\/li><\/ol><p>Con la experiencia y atenci\u00f3n al detalle de ROE LATAM, puede confiar en que nuestro proceso de debida diligencia proporcionar\u00e1 los conocimientos necesarios para proceder con confianza, ya sea que est\u00e9 entrando en una fusi\u00f3n, adquisici\u00f3n o cualquier transacci\u00f3n compleja.<\/p><\/div><\/div><\/div>\t\t\t\t\t\t\t\t<\/div>\n\t\t\t\t<\/div>\n\t\t\t\t\t<\/div>\n\t\t<\/div>\n\t\t\t\t<div class=\"elementor-column elementor-col-50 elementor-top-column elementor-element elementor-element-910d8c0 bs-sidebar dynamic-sidebar\" data-id=\"910d8c0\" data-element_type=\"column\" data-e-type=\"column\">\n\t\t\t<div class=\"elementor-widget-wrap elementor-element-populated\">\n\t\t\t\t\t\t<div class=\"elementor-element elementor-element-1b0e565 elementor-widget elementor-widget-sidebar\" data-id=\"1b0e565\" data-element_type=\"widget\" data-e-type=\"widget\" data-widget_type=\"sidebar.default\">\n\t\t\t\t<div class=\"elementor-widget-container\">\n\t\t\t\t\t<div id=\"nav_menu-2\" class=\"service-singles widget widget_nav_menu\"><div class=\"menu-service-legal-sidebar-container\"><ul id=\"menu-service-legal-sidebar\" class=\"menu\"><li id=\"menu-item-15126\" class=\"menu-item menu-item-type-post_type menu-item-object-page menu-item-15126\"><a href=\"https:\/\/roelatam.com\/es\/services\/real-estate\/\">Inmobiliario<\/a><\/li>\n<li id=\"menu-item-15123\" class=\"menu-item menu-item-type-post_type menu-item-object-page menu-item-15123\"><a href=\"https:\/\/roelatam.com\/es\/due-diligence\/\">Debida Diligencia<\/a><\/li>\n<li id=\"menu-item-15124\" class=\"menu-item menu-item-type-post_type menu-item-object-page menu-item-15124\"><a href=\"https:\/\/roelatam.com\/es\/corporate\/\">Corporativo<\/a><\/li>\n<li id=\"menu-item-15125\" class=\"menu-item menu-item-type-post_type menu-item-object-page menu-item-15125\"><a href=\"https:\/\/roelatam.com\/es\/fideicomisos-trusts\/\">Fideicomisos<\/a><\/li>\n<li id=\"menu-item-15333\" class=\"menu-item menu-item-type-post_type menu-item-object-page menu-item-15333\"><a href=\"https:\/\/roelatam.com\/es\/services\/mergers-acquisitions\/\">Fusiones y Adquisiciones<\/a><\/li>\n<li id=\"menu-item-15334\" class=\"menu-item menu-item-type-post_type menu-item-object-page menu-item-15334\"><a href=\"https:\/\/roelatam.com\/es\/services\/public-procurement\/\">Licitaciones P\u00fablicas<\/a><\/li>\n<\/ul><\/div><\/div><div id=\"nav_menu-1\" class=\"service-singles widget widget_nav_menu\"><div class=\"menu-services-container\"><ul id=\"menu-services\" class=\"menu\"><li id=\"menu-item-14906\" class=\"menu-item menu-item-type-post_type menu-item-object-page menu-item-14906\"><a href=\"https:\/\/roelatam.com\/es\/foreign-corrupt-practices-act-fcpa-compliance\/\">Ley de Pr\u00e1cticas Corruptas en el Extranjero (FCPA)<\/a><\/li>\n<li id=\"menu-item-14907\" class=\"menu-item menu-item-type-post_type menu-item-object-page menu-item-14907\"><a href=\"https:\/\/roelatam.com\/es\/services\/supply-chain-audits-and-compliance\/\">Auditor\u00edas y  Compliance de Cadena de Suministro<\/a><\/li>\n<li id=\"menu-item-14908\" class=\"menu-item menu-item-type-post_type menu-item-object-page menu-item-14908\"><a href=\"https:\/\/roelatam.com\/es\/services\/iso-26000-social-responsibility-guidance\/\">ISO 26000: Gu\u00eda de Responsabilidad Social<\/a><\/li>\n<li id=\"menu-item-14909\" class=\"menu-item menu-item-type-post_type menu-item-object-page menu-item-14909\"><a href=\"https:\/\/roelatam.com\/es\/services\/iso-14001-environmental-management-systems\/\">ISO 14001: Sistemas de Gesti\u00f3n Ambiental<\/a><\/li>\n<li id=\"menu-item-14910\" class=\"menu-item menu-item-type-post_type menu-item-object-page menu-item-14910\"><a href=\"https:\/\/roelatam.com\/es\/services\/iso-37000-governance-of-organizations\/\">ISO 37000: Gobernanza de las Organizaciones<\/a><\/li>\n<li id=\"menu-item-14911\" class=\"menu-item menu-item-type-post_type menu-item-object-page menu-item-14911\"><a href=\"https:\/\/roelatam.com\/es\/services\/iso-37301-compliance-management-systems\/\">ISO 37301: Sistemas de Gesti\u00f3n de Cumplimiento<\/a><\/li>\n<li id=\"menu-item-14912\" class=\"menu-item menu-item-type-post_type menu-item-object-page menu-item-14912\"><a href=\"https:\/\/roelatam.com\/es\/services\/iso-37002-whistleblowing-management-systems\/\">ISO 37002: Sistemas de Gesti\u00f3n de Denuncias<\/a><\/li>\n<li id=\"menu-item-14913\" class=\"menu-item menu-item-type-post_type menu-item-object-page menu-item-14913\"><a href=\"https:\/\/roelatam.com\/es\/services\/iso37001-anti-bribery-management-system\/\">ISO 37001: Sistema de Gesti\u00f3n Antisoborno (SGAS)<\/a><\/li>\n<\/ul><\/div><\/div>\t\t\t\t<\/div>\n\t\t\t\t<\/div>\n\t\t\t\t\t<\/div>\n\t\t<\/div>\n\t\t\t\t\t<\/div>\n\t\t<\/section>\n\t\t\t\t<\/div>","protected":false},"excerpt":{"rendered":"<p>Due Diligence At ROE LATAM, we specialize in conducting comprehensive due diligence, ensuring that every aspect of your potential investment or business transaction is thoroughly examined. Our team utilizes advanced research methods and taps into extensive legal resources to uncover any potential risks or hidden liabilities. Risk Identification and Mitigation. We meticulously identify and assess&#8230;<\/p>","protected":false},"author":2,"featured_media":0,"parent":0,"menu_order":0,"comment_status":"closed","ping_status":"closed","template":"","meta":{"footnotes":""},"class_list":["post-14938","page","type-page","status-publish","hentry"],"_links":{"self":[{"href":"https:\/\/roelatam.com\/es\/wp-json\/wp\/v2\/pages\/14938","targetHints":{"allow":["GET"]}}],"collection":[{"href":"https:\/\/roelatam.com\/es\/wp-json\/wp\/v2\/pages"}],"about":[{"href":"https:\/\/roelatam.com\/es\/wp-json\/wp\/v2\/types\/page"}],"author":[{"embeddable":true,"href":"https:\/\/roelatam.com\/es\/wp-json\/wp\/v2\/users\/2"}],"replies":[{"embeddable":true,"href":"https:\/\/roelatam.com\/es\/wp-json\/wp\/v2\/comments?post=14938"}],"version-history":[{"count":25,"href":"https:\/\/roelatam.com\/es\/wp-json\/wp\/v2\/pages\/14938\/revisions"}],"predecessor-version":[{"id":15540,"href":"https:\/\/roelatam.com\/es\/wp-json\/wp\/v2\/pages\/14938\/revisions\/15540"}],"wp:attachment":[{"href":"https:\/\/roelatam.com\/es\/wp-json\/wp\/v2\/media?parent=14938"}],"curies":[{"name":"wp","href":"https:\/\/api.w.org\/{rel}","templated":true}]}}