{"id":14944,"date":"2024-10-05T19:33:19","date_gmt":"2024-10-05T19:33:19","guid":{"rendered":"https:\/\/roelatam.com\/?page_id=14944"},"modified":"2024-10-23T22:11:59","modified_gmt":"2024-10-23T22:11:59","slug":"public-procurement","status":"publish","type":"page","link":"https:\/\/roelatam.com\/es\/services\/public-procurement\/","title":{"rendered":"Licitaciones P\u00fablicas"},"content":{"rendered":"<div data-elementor-type=\"wp-page\" data-elementor-id=\"14944\" class=\"elementor elementor-14944\" data-elementor-post-type=\"page\">\n\t\t\t\t\t\t<section class=\"elementor-section elementor-top-section elementor-element elementor-element-4ff8c5f0 elementor-section-boxed elementor-section-height-default elementor-section-height-default\" data-id=\"4ff8c5f0\" data-element_type=\"section\" data-e-type=\"section\">\n\t\t\t\t\t\t<div class=\"elementor-container elementor-column-gap-default\">\n\t\t\t\t\t<div class=\"elementor-column elementor-col-50 elementor-top-column elementor-element elementor-element-1907e82b\" data-id=\"1907e82b\" data-element_type=\"column\" data-e-type=\"column\">\n\t\t\t<div class=\"elementor-widget-wrap elementor-element-populated\">\n\t\t\t\t\t\t<div class=\"elementor-element elementor-element-2d2625a7 elementor-widget elementor-widget-image\" data-id=\"2d2625a7\" data-element_type=\"widget\" data-e-type=\"widget\" data-widget_type=\"image.default\">\n\t\t\t\t<div class=\"elementor-widget-container\">\n\t\t\t\t\t\t\t\t\t\t\t\t\t\t\t<img fetchpriority=\"high\" decoding=\"async\" width=\"370\" height=\"265\" src=\"https:\/\/roelatam.com\/wp-content\/uploads\/2024\/10\/procurement-370x265-1.jpg\" class=\"attachment-full size-full wp-image-14946\" alt=\"Public Procurement Management and Legal Services\" srcset=\"https:\/\/roelatam.com\/wp-content\/uploads\/2024\/10\/procurement-370x265-1.jpg 370w, https:\/\/roelatam.com\/wp-content\/uploads\/2024\/10\/procurement-370x265-1-300x215.jpg 300w\" sizes=\"(max-width: 370px) 100vw, 370px\" title=\"\">\t\t\t\t\t\t\t\t\t\t\t\t\t\t\t<\/div>\n\t\t\t\t<\/div>\n\t\t\t\t<div class=\"elementor-element elementor-element-6d31a536 elementor-widget elementor-widget-heading\" data-id=\"6d31a536\" data-element_type=\"widget\" data-e-type=\"widget\" data-widget_type=\"heading.default\">\n\t\t\t\t<div class=\"elementor-widget-container\">\n\t\t\t\t\t<h2 class=\"elementor-heading-title elementor-size-default\">Licitaciones P\u00fablicas<\/h2>\t\t\t\t<\/div>\n\t\t\t\t<\/div>\n\t\t\t\t<div class=\"elementor-element elementor-element-7553adc7 elementor-widget elementor-widget-text-editor\" data-id=\"7553adc7\" data-element_type=\"widget\" data-e-type=\"widget\" data-widget_type=\"text-editor.default\">\n\t\t\t\t<div class=\"elementor-widget-container\">\n\t\t\t\t\t\t\t\t\t<div class=\"elementor-element elementor-element-1e88211 e-con-full e-flex e-con e-child\" data-id=\"1e88211\" data-element_type=\"container\"><div class=\"elementor-element elementor-element-236b80f elementor-widget elementor-widget-text-editor\" data-id=\"236b80f\" data-element_type=\"widget\" data-widget_type=\"text-editor.default\"><div class=\"elementor-widget-container\"><p>At <strong><a href=\"https:\/\/roelatam.com\/es\/\" target=\"_blank\" rel=\"noopener\">ROE LATAM<\/a><\/strong>, we offer comprehensive legal support throughout the public procurement process, ensuring that our clients successfully navigate the complex landscape of governmental contracts. We guide you through every legal requirement, helping you understand the necessary documentation and ensuring compliance with bidding procedures.<\/p><p>From the initial preparation of tender documents to contract negotiations and award compliance, we manage each phase of the <strong><a href=\"https:\/\/en.wikipedia.org\/wiki\/Procurement\" target=\"_blank\" rel=\"noopener\">procurement<\/a> <\/strong>process with precision. Our expertise covers everything from drafting proposals to handling negotiations with public entities, ensuring that your submission meets all regulatory standards and increases your chances of success.<\/p><p>Al asociarse con ROE LATAM, obtiene un equipo que no solo simplifica el proceso, sino que tambi\u00e9n mejora su ventaja competitiva, permiti\u00e9ndole enfocarse en ofrecer valor mientras nosotros manejamos las complejidades legales. Ya sea que est\u00e9 participando en licitaciones p\u00fablicas locales o internacionales, nuestro apoyo dedicado asegura una experiencia de adquisici\u00f3n sin contratiempos de principio a fin.<\/p><\/div><\/div><\/div>\t\t\t\t\t\t\t\t<\/div>\n\t\t\t\t<\/div>\n\t\t\t\t\t<\/div>\n\t\t<\/div>\n\t\t\t\t<div class=\"elementor-column elementor-col-50 elementor-top-column elementor-element elementor-element-45ea9e9 bs-sidebar dynamic-sidebar\" data-id=\"45ea9e9\" data-element_type=\"column\" data-e-type=\"column\">\n\t\t\t<div class=\"elementor-widget-wrap elementor-element-populated\">\n\t\t\t\t\t\t<div class=\"elementor-element elementor-element-d57a62d elementor-widget elementor-widget-sidebar\" data-id=\"d57a62d\" data-element_type=\"widget\" data-e-type=\"widget\" data-widget_type=\"sidebar.default\">\n\t\t\t\t<div class=\"elementor-widget-container\">\n\t\t\t\t\t<div id=\"nav_menu-2\" class=\"service-singles widget widget_nav_menu\"><div class=\"menu-service-legal-sidebar-container\"><ul id=\"menu-service-legal-sidebar\" class=\"menu\"><li id=\"menu-item-15126\" class=\"menu-item menu-item-type-post_type menu-item-object-page menu-item-15126\"><a href=\"https:\/\/roelatam.com\/es\/services\/real-estate\/\">Inmobiliario<\/a><\/li>\n<li id=\"menu-item-15123\" class=\"menu-item menu-item-type-post_type menu-item-object-page menu-item-15123\"><a href=\"https:\/\/roelatam.com\/es\/due-diligence\/\">Debida Diligencia<\/a><\/li>\n<li id=\"menu-item-15124\" class=\"menu-item menu-item-type-post_type menu-item-object-page menu-item-15124\"><a href=\"https:\/\/roelatam.com\/es\/corporate\/\">Corporativo<\/a><\/li>\n<li id=\"menu-item-15125\" class=\"menu-item menu-item-type-post_type menu-item-object-page menu-item-15125\"><a href=\"https:\/\/roelatam.com\/es\/fideicomisos-trusts\/\">Fideicomisos<\/a><\/li>\n<li id=\"menu-item-15333\" class=\"menu-item menu-item-type-post_type menu-item-object-page menu-item-15333\"><a href=\"https:\/\/roelatam.com\/es\/services\/mergers-acquisitions\/\">Fusiones y Adquisiciones<\/a><\/li>\n<li id=\"menu-item-15334\" class=\"menu-item menu-item-type-post_type menu-item-object-page menu-item-15334\"><a href=\"https:\/\/roelatam.com\/es\/services\/public-procurement\/\">Licitaciones P\u00fablicas<\/a><\/li>\n<\/ul><\/div><\/div><div id=\"nav_menu-1\" class=\"service-singles widget widget_nav_menu\"><div class=\"menu-services-container\"><ul id=\"menu-services\" class=\"menu\"><li id=\"menu-item-14906\" class=\"menu-item menu-item-type-post_type menu-item-object-page menu-item-14906\"><a href=\"https:\/\/roelatam.com\/es\/foreign-corrupt-practices-act-fcpa-compliance\/\">Ley de Pr\u00e1cticas Corruptas en el Extranjero (FCPA)<\/a><\/li>\n<li id=\"menu-item-14907\" class=\"menu-item menu-item-type-post_type menu-item-object-page menu-item-14907\"><a href=\"https:\/\/roelatam.com\/es\/services\/supply-chain-audits-and-compliance\/\">Auditor\u00edas y  Compliance de Cadena de Suministro<\/a><\/li>\n<li id=\"menu-item-14908\" class=\"menu-item menu-item-type-post_type menu-item-object-page menu-item-14908\"><a href=\"https:\/\/roelatam.com\/es\/services\/iso-26000-social-responsibility-guidance\/\">ISO 26000: Gu\u00eda de Responsabilidad Social<\/a><\/li>\n<li id=\"menu-item-14909\" class=\"menu-item menu-item-type-post_type menu-item-object-page menu-item-14909\"><a href=\"https:\/\/roelatam.com\/es\/services\/iso-14001-environmental-management-systems\/\">ISO 14001: Sistemas de Gesti\u00f3n Ambiental<\/a><\/li>\n<li id=\"menu-item-14910\" class=\"menu-item menu-item-type-post_type menu-item-object-page menu-item-14910\"><a href=\"https:\/\/roelatam.com\/es\/services\/iso-37000-governance-of-organizations\/\">ISO 37000: Gobernanza de las Organizaciones<\/a><\/li>\n<li id=\"menu-item-14911\" class=\"menu-item menu-item-type-post_type menu-item-object-page menu-item-14911\"><a href=\"https:\/\/roelatam.com\/es\/services\/iso-37301-compliance-management-systems\/\">ISO 37301: Sistemas de Gesti\u00f3n de Cumplimiento<\/a><\/li>\n<li id=\"menu-item-14912\" class=\"menu-item menu-item-type-post_type menu-item-object-page menu-item-14912\"><a href=\"https:\/\/roelatam.com\/es\/services\/iso-37002-whistleblowing-management-systems\/\">ISO 37002: Sistemas de Gesti\u00f3n de Denuncias<\/a><\/li>\n<li id=\"menu-item-14913\" class=\"menu-item menu-item-type-post_type menu-item-object-page menu-item-14913\"><a href=\"https:\/\/roelatam.com\/es\/services\/iso37001-anti-bribery-management-system\/\">ISO 37001: Sistema de Gesti\u00f3n Antisoborno (SGAS)<\/a><\/li>\n<\/ul><\/div><\/div>\t\t\t\t<\/div>\n\t\t\t\t<\/div>\n\t\t\t\t<section class=\"elementor-section elementor-inner-section elementor-element elementor-element-169ec30 elementor-hidden-desktop elementor-hidden-tablet elementor-hidden-mobile elementor-section-boxed elementor-section-height-default elementor-section-height-default\" data-id=\"169ec30\" data-element_type=\"section\" data-e-type=\"section\">\n\t\t\t\t\t\t<div class=\"elementor-container elementor-column-gap-default\">\n\t\t\t\t\t<div class=\"elementor-column elementor-col-100 elementor-inner-column elementor-element elementor-element-15b529a\" data-id=\"15b529a\" data-element_type=\"column\" data-e-type=\"column\" data-settings=\"{&quot;background_background&quot;:&quot;classic&quot;}\">\n\t\t\t<div class=\"elementor-widget-wrap elementor-element-populated\">\n\t\t\t\t\t\t<div class=\"elementor-element elementor-element-5d3d5cb phones elementor-widget elementor-widget-rs-contact-box\" data-id=\"5d3d5cb\" data-element_type=\"widget\" data-e-type=\"widget\" data-widget_type=\"rs-contact-box.default\">\n\t\t\t\t<div class=\"elementor-widget-container\">\n\t\t\t\t\t\t\t\r\n\r\n\t\t<!-- Style 1 Start -->\r\n\t\t<div class=\"rs-contact-box\">\r\n\r\n\t\t\t\t\t\t<div class=\"address-item vertical boxstyle1\">\r\n\r\n\t\t\t\t\t\t\t            <div class=\"address-icon\">\r\n\t\t            \t\t\t            \t\t<i class=\"fa fa-phone\"><\/i>\r\n\t\t            \t\t\t            <\/div>\r\n\t\t            \r\n\t\t            <div class=\"address-text\">\r\n\t\t            \t\r\n\r\n\t\t            \t\r\n\r\n\t\t            \t\t\t            <\/div>\r\n\t\t        <\/div>\r\n\t\t\t\t\t<\/div>\r\n\r\n\t<!-- Style 1 End -->\t\r\n\t\t\r\n\t\t\t\t\t<\/div>\n\t\t\t\t<\/div>\n\t\t\t\t<div class=\"elementor-element elementor-element-5dfbf42 elementor-widget elementor-widget-heading\" data-id=\"5dfbf42\" data-element_type=\"widget\" data-e-type=\"widget\" data-widget_type=\"heading.default\">\n\t\t\t\t<div class=\"elementor-widget-container\">\n\t\t\t\t\t<h6 class=\"elementor-heading-title elementor-size-default\">\u00bfTienes Dudas? Env\u00eda un Mensaje <\/h6>\t\t\t\t<\/div>\n\t\t\t\t<\/div>\n\t\t\t\t<div class=\"elementor-element elementor-element-1d8ffc3 elementor-widget elementor-widget-heading\" data-id=\"1d8ffc3\" data-element_type=\"widget\" data-e-type=\"widget\" data-widget_type=\"heading.default\">\n\t\t\t\t<div class=\"elementor-widget-container\">\n\t\t\t\t\t<h6 class=\"elementor-heading-title elementor-size-default\">+525563181314\n<\/h6>\t\t\t\t<\/div>\n\t\t\t\t<\/div>\n\t\t\t\t\t<\/div>\n\t\t<\/div>\n\t\t\t\t\t<\/div>\n\t\t<\/section>\n\t\t\t\t\t<\/div>\n\t\t<\/div>\n\t\t\t\t\t<\/div>\n\t\t<\/section>\n\t\t\t\t<\/div>","protected":false},"excerpt":{"rendered":"<p>Public Procurement At ROE LATAM, we offer comprehensive legal support throughout the public procurement process, ensuring that our clients successfully navigate the complex landscape of governmental contracts. We guide you through every legal requirement, helping you understand the necessary documentation and ensuring compliance with bidding procedures. From the initial preparation of tender documents to contract&#8230;<\/p>","protected":false},"author":2,"featured_media":0,"parent":13468,"menu_order":0,"comment_status":"closed","ping_status":"closed","template":"","meta":{"footnotes":""},"class_list":["post-14944","page","type-page","status-publish","hentry"],"_links":{"self":[{"href":"https:\/\/roelatam.com\/es\/wp-json\/wp\/v2\/pages\/14944","targetHints":{"allow":["GET"]}}],"collection":[{"href":"https:\/\/roelatam.com\/es\/wp-json\/wp\/v2\/pages"}],"about":[{"href":"https:\/\/roelatam.com\/es\/wp-json\/wp\/v2\/types\/page"}],"author":[{"embeddable":true,"href":"https:\/\/roelatam.com\/es\/wp-json\/wp\/v2\/users\/2"}],"replies":[{"embeddable":true,"href":"https:\/\/roelatam.com\/es\/wp-json\/wp\/v2\/comments?post=14944"}],"version-history":[{"count":22,"href":"https:\/\/roelatam.com\/es\/wp-json\/wp\/v2\/pages\/14944\/revisions"}],"predecessor-version":[{"id":15537,"href":"https:\/\/roelatam.com\/es\/wp-json\/wp\/v2\/pages\/14944\/revisions\/15537"}],"up":[{"embeddable":true,"href":"https:\/\/roelatam.com\/es\/wp-json\/wp\/v2\/pages\/13468"}],"wp:attachment":[{"href":"https:\/\/roelatam.com\/es\/wp-json\/wp\/v2\/media?parent=14944"}],"curies":[{"name":"wp","href":"https:\/\/api.w.org\/{rel}","templated":true}]}}